{"id":7259,"date":"2026-03-19T21:55:21","date_gmt":"2026-03-19T20:55:21","guid":{"rendered":"https:\/\/www.hotel-lourdes-atrium.com\/?page_id=7259"},"modified":"2026-03-25T13:36:25","modified_gmt":"2026-03-25T12:36:25","slug":"turismo","status":"publish","type":"page","link":"https:\/\/www.hotel-lourdes-atrium.com\/es\/servicios\/turismo\/","title":{"rendered":"Turismo"},"content":{"rendered":"\n<div class=\"wp-block-group alignfull has-cream-background-color has-background\"><div class=\"wp-block-group__inner-container is-layout-constrained wp-block-group-is-layout-constrained\">\n<h2 class=\"wp-block-heading\"><strong>Lourdes y su regi\u00f3n<\/strong><\/h2>\n\n\n\n<div class=\"wp-block-columns is-layout-flex wp-container-core-columns-is-layout-9d6595d7 wp-block-columns-is-layout-flex\">\n<div class=\"wp-block-column is-layout-flow wp-block-column-is-layout-flow\">\n<p>Lourdes se encuentra en el departamento de Altos Pirineos, en el suroeste de Francia, a los pies de los Pirineos. El Hotel Atrium Lourdes est\u00e1 cerca de los Santuarios, la Gruta de Lourdes y el centro de la ciudad (a 6 minutos a pie). Tambi\u00e9n es el punto de partida para fabulosos paseos y descubrimientos en los Pirineos.<\/p>\n<\/div>\n\n\n\n<div class=\"wp-block-column is-layout-flow wp-block-column-is-layout-flow\">\n<p>Si viene a visitar los Santuarios de Lourdes, el Hotel Atrium Lourdes es el lugar ideal. Recibe a cientos de peregrinos cada a\u00f1o. A solo minutos de los Santuarios, su ubicaci\u00f3n lo convierte en el lugar ideal para una peregrinaci\u00f3n inolvidable.<\/p>\n<\/div>\n<\/div>\n<\/div><\/div>\n\n\n\n<div class=\"wp-block-group alignfull\" id=\"centre-ville\"><div class=\"wp-block-group__inner-container is-layout-constrained wp-block-group-is-layout-constrained\">\n<div class=\"wp-block-columns are-vertically-aligned-center is-layout-flex wp-container-core-columns-is-layout-9d6595d7 wp-block-columns-is-layout-flex\">\n<div class=\"wp-block-column is-vertically-aligned-center is-layout-flow wp-block-column-is-layout-flow\">\n<figure class=\"wp-block-gallery has-nested-images columns-2 is-cropped tourism-gallery wp-block-gallery-1 is-layout-flex wp-block-gallery-is-layout-flex\">\n<figure class=\"wp-block-image size-large\"><img data-recalc-dims=\"1\" loading=\"lazy\" decoding=\"async\" width=\"1024\" height=\"684\" data-id=\"116\" src=\"https:\/\/i0.wp.com\/www.hotel-lourdes-atrium.com\/wp-content\/uploads\/\/0007_DSC_6879-Copie.jpg?resize=1024%2C684&#038;ssl=1\" alt=\"\" class=\"wp-image-116\" srcset=\"https:\/\/i0.wp.com\/www.hotel-lourdes-atrium.com\/wp-content\/uploads\/0007_DSC_6879-Copie-scaled.jpg?resize=1024%2C684&amp;ssl=1 1024w, https:\/\/i0.wp.com\/www.hotel-lourdes-atrium.com\/wp-content\/uploads\/0007_DSC_6879-Copie-scaled.jpg?resize=300%2C200&amp;ssl=1 300w, https:\/\/i0.wp.com\/www.hotel-lourdes-atrium.com\/wp-content\/uploads\/0007_DSC_6879-Copie-scaled.jpg?resize=768%2C513&amp;ssl=1 768w, https:\/\/i0.wp.com\/www.hotel-lourdes-atrium.com\/wp-content\/uploads\/0007_DSC_6879-Copie-scaled.jpg?resize=1536%2C1026&amp;ssl=1 1536w, https:\/\/i0.wp.com\/www.hotel-lourdes-atrium.com\/wp-content\/uploads\/0007_DSC_6879-Copie-scaled.jpg?resize=2048%2C1367&amp;ssl=1 2048w, https:\/\/i0.wp.com\/www.hotel-lourdes-atrium.com\/wp-content\/uploads\/0007_DSC_6879-Copie-scaled.jpg?w=2560&amp;ssl=1 2560w\" sizes=\"auto, (max-width: 1024px) 100vw, 1024px\" \/><\/figure>\n\n\n\n<figure class=\"wp-block-image size-large\"><img data-recalc-dims=\"1\" loading=\"lazy\" decoding=\"async\" width=\"1024\" height=\"684\" data-id=\"120\" src=\"https:\/\/i0.wp.com\/www.hotel-lourdes-atrium.com\/wp-content\/uploads\/\/0008_DSC_6862-Copie.jpg?resize=1024%2C684&#038;ssl=1\" alt=\"\" class=\"wp-image-120\" srcset=\"https:\/\/i0.wp.com\/www.hotel-lourdes-atrium.com\/wp-content\/uploads\/0008_DSC_6862-Copie-scaled.jpg?resize=1024%2C684&amp;ssl=1 1024w, https:\/\/i0.wp.com\/www.hotel-lourdes-atrium.com\/wp-content\/uploads\/0008_DSC_6862-Copie-scaled.jpg?resize=300%2C200&amp;ssl=1 300w, https:\/\/i0.wp.com\/www.hotel-lourdes-atrium.com\/wp-content\/uploads\/0008_DSC_6862-Copie-scaled.jpg?resize=768%2C513&amp;ssl=1 768w, https:\/\/i0.wp.com\/www.hotel-lourdes-atrium.com\/wp-content\/uploads\/0008_DSC_6862-Copie-scaled.jpg?resize=1536%2C1026&amp;ssl=1 1536w, https:\/\/i0.wp.com\/www.hotel-lourdes-atrium.com\/wp-content\/uploads\/0008_DSC_6862-Copie-scaled.jpg?resize=2048%2C1367&amp;ssl=1 2048w, https:\/\/i0.wp.com\/www.hotel-lourdes-atrium.com\/wp-content\/uploads\/0008_DSC_6862-Copie-scaled.jpg?w=2560&amp;ssl=1 2560w\" sizes=\"auto, (max-width: 1024px) 100vw, 1024px\" \/><\/figure>\n\n\n\n<figure class=\"wp-block-image size-large\"><img data-recalc-dims=\"1\" loading=\"lazy\" decoding=\"async\" width=\"1024\" height=\"684\" data-id=\"132\" src=\"https:\/\/i0.wp.com\/www.hotel-lourdes-atrium.com\/wp-content\/uploads\/\/0011_DSC_6820-Copie.jpg?resize=1024%2C684&#038;ssl=1\" alt=\"\" class=\"wp-image-132\" srcset=\"https:\/\/i0.wp.com\/www.hotel-lourdes-atrium.com\/wp-content\/uploads\/0011_DSC_6820-Copie-scaled.jpg?resize=1024%2C684&amp;ssl=1 1024w, https:\/\/i0.wp.com\/www.hotel-lourdes-atrium.com\/wp-content\/uploads\/0011_DSC_6820-Copie-scaled.jpg?resize=300%2C200&amp;ssl=1 300w, https:\/\/i0.wp.com\/www.hotel-lourdes-atrium.com\/wp-content\/uploads\/0011_DSC_6820-Copie-scaled.jpg?resize=768%2C513&amp;ssl=1 768w, https:\/\/i0.wp.com\/www.hotel-lourdes-atrium.com\/wp-content\/uploads\/0011_DSC_6820-Copie-scaled.jpg?resize=1536%2C1026&amp;ssl=1 1536w, https:\/\/i0.wp.com\/www.hotel-lourdes-atrium.com\/wp-content\/uploads\/0011_DSC_6820-Copie-scaled.jpg?resize=2048%2C1367&amp;ssl=1 2048w, https:\/\/i0.wp.com\/www.hotel-lourdes-atrium.com\/wp-content\/uploads\/0011_DSC_6820-Copie-scaled.jpg?w=2560&amp;ssl=1 2560w\" sizes=\"auto, (max-width: 1024px) 100vw, 1024px\" \/><\/figure>\n<\/figure>\n<\/div>\n\n\n\n<div class=\"wp-block-column is-vertically-aligned-center is-layout-flow wp-block-column-is-layout-flow\">\n<h2 class=\"wp-block-heading\">El centro de la ciudad de Lourdes<\/h2>\n\n\n\n<p>El centro de la ciudad se encuentra bajo el Castillo de Lourdes, que la domina. Es un importante lugar de peregrinaci\u00f3n para cristianos de todo el mundo.<\/p>\n\n\n\n<p>Sus pintorescas calles est\u00e1n repletas de tiendas y restaurantes que reciben a los visitantes durante todo el a\u00f1o, adem\u00e1s de un mercado donde los visitantes pueden adquirir productos locales y artesanales.<\/p>\n\n\n\n<p>La ciudad es conocida por su ambiente tranquilo y la belleza de su paisaje monta\u00f1oso.<\/p>\n\n\n\n<p>Se puede acceder f\u00e1cilmente al centro de la ciudad a pie o en transporte p\u00fablico y los visitantes tambi\u00e9n pueden disfrutar de las impresionantes vistas de las monta\u00f1as circundantes desde las alturas de la ciudad.<\/p>\n<\/div>\n<\/div>\n<\/div><\/div>\n\n\n\n<div class=\"wp-block-group alignfull\" id=\"grotte\"><div class=\"wp-block-group__inner-container is-layout-constrained wp-block-group-is-layout-constrained\">\n<div class=\"wp-block-cover alignfull stacked\"><img data-recalc-dims=\"1\" loading=\"lazy\" decoding=\"async\" width=\"1280\" height=\"855\" class=\"wp-block-cover__image-background wp-image-136\" alt=\"\" src=\"https:\/\/i0.wp.com\/www.hotel-lourdes-atrium.com\/wp-content\/uploads\/0012_DSC_6934-Copie-scaled.jpg?resize=1280%2C855&#038;ssl=1\" data-object-fit=\"cover\" srcset=\"https:\/\/i0.wp.com\/www.hotel-lourdes-atrium.com\/wp-content\/uploads\/0012_DSC_6934-Copie-scaled.jpg?w=2560&amp;ssl=1 2560w, https:\/\/i0.wp.com\/www.hotel-lourdes-atrium.com\/wp-content\/uploads\/0012_DSC_6934-Copie-scaled.jpg?resize=300%2C200&amp;ssl=1 300w, https:\/\/i0.wp.com\/www.hotel-lourdes-atrium.com\/wp-content\/uploads\/0012_DSC_6934-Copie-scaled.jpg?resize=1024%2C684&amp;ssl=1 1024w, https:\/\/i0.wp.com\/www.hotel-lourdes-atrium.com\/wp-content\/uploads\/0012_DSC_6934-Copie-scaled.jpg?resize=768%2C513&amp;ssl=1 768w, https:\/\/i0.wp.com\/www.hotel-lourdes-atrium.com\/wp-content\/uploads\/0012_DSC_6934-Copie-scaled.jpg?resize=1536%2C1026&amp;ssl=1 1536w, https:\/\/i0.wp.com\/www.hotel-lourdes-atrium.com\/wp-content\/uploads\/0012_DSC_6934-Copie-scaled.jpg?resize=2048%2C1367&amp;ssl=1 2048w\" sizes=\"auto, (max-width: 1280px) 100vw, 1280px\" \/><span aria-hidden=\"true\" class=\"wp-block-cover__background has-background-dim\"><\/span><div class=\"wp-block-cover__inner-container is-layout-flow wp-block-cover-is-layout-flow\">\n<div class=\"wp-block-media-text alignwide is-stacked-on-mobile is-vertically-aligned-bottom\" style=\"grid-template-columns:33% auto\"><figure class=\"wp-block-media-text__media\"><img data-recalc-dims=\"1\" loading=\"lazy\" decoding=\"async\" width=\"545\" height=\"680\" src=\"https:\/\/i0.wp.com\/www.hotel-lourdes-atrium.com\/wp-content\/uploads\/grotte-lourdes.jpg?resize=545%2C680&#038;ssl=1\" alt=\"\" class=\"wp-image-407 size-full\" srcset=\"https:\/\/i0.wp.com\/www.hotel-lourdes-atrium.com\/wp-content\/uploads\/grotte-lourdes.jpg?w=545&amp;ssl=1 545w, https:\/\/i0.wp.com\/www.hotel-lourdes-atrium.com\/wp-content\/uploads\/grotte-lourdes.jpg?resize=240%2C300&amp;ssl=1 240w\" sizes=\"auto, (max-width: 545px) 100vw, 545px\" \/><\/figure><div class=\"wp-block-media-text__content\">\n<h2 class=\"wp-block-heading\">Gruta de Massabielle<\/h2>\n\n\n\n<p>Tanto si est\u00e1 de peregrinaci\u00f3n a Lourdes como si simplemente visita la Gruta, el Hotel Atrium Lourdes le da la bienvenida y le guiar\u00e1 durante su estancia. La Gruta de Lourdes est\u00e1 a un paso del hotel.<\/p>\n\n\n\n<p>El 11 de febrero de 1858, en una peque\u00f1a gruta de Massabielle, cerca del Hotel Atrium, Bernadette Soubirous vio a la Virgen Mar\u00eda. En total, hubo 18 apariciones. Desde ese d\u00eda, la gruta ha acogido a miles de peregrinos de todo el mundo.<\/p>\n\n\n\n<p>Se han producido 68 curaciones milagrosas. La Gruta de Lourdes tambi\u00e9n ha sido visitada por los papas Juan Pablo II y Benedicto XVI. Nuestro equipo del Atrium Lourdes hace todo lo posible para que su visita sea lo m\u00e1s c\u00f3moda posible. Hay aparcamiento disponible y la estaci\u00f3n de autobuses est\u00e1 a solo quince minutos a pie.<\/p>\n<\/div><\/div>\n<\/div><\/div>\n<\/div><\/div>\n\n\n\n<div class=\"wp-block-group alignfull\" id=\"region\"><div class=\"wp-block-group__inner-container is-layout-constrained wp-block-group-is-layout-constrained\">\n<div class=\"wp-block-columns are-vertically-aligned-center is-layout-flex wp-container-core-columns-is-layout-9d6595d7 wp-block-columns-is-layout-flex\">\n<div class=\"wp-block-column is-vertically-aligned-center is-layout-flow wp-block-column-is-layout-flow\">\n<h2 class=\"wp-block-heading\">La regi\u00f3n de Midi-Pyr\u00e9n\u00e9es<\/h2>\n\n\n\n<p>En Midi Pyr\u00e9n\u00e9es, el turismo y las visitas tur\u00edsticas son inseparables. El Hotel Atrium Lourdes se encuentra en el coraz\u00f3n de la regi\u00f3n. Es el punto de partida ideal para explorar la regi\u00f3n.<\/p>\n\n\n\n<p>Esta regi\u00f3n de los Pirineos nos ofrece una amplia selecci\u00f3n de lugares para visitar: excursiones y paseos para hacer, circuitos tur\u00edsticos para seguir o lugares imperdibles para descubrir como el Pic du Midi de Bigorre que culmina a 2877 metros, el Pont d&#8217;Espagne o el Circo de Gavarnie.<\/p>\n\n\n\n<p>Disfrute del Hotel Atrium Lourdes, situado a dos pasos del santuario de Notre Dame de Lourdes y de sus tres bas\u00edlicas, y camine con total serenidad siguiendo los pasos de Bernadette Soubirous para pasear con ella y comprender mejor su vida espiritual.<\/p>\n\n\n\n<p>Lourdes y su regi\u00f3n te ofrecen una gama de actividades para realizar solo, en familia o en grupo.<\/p>\n<\/div>\n\n\n\n<div class=\"wp-block-column is-vertically-aligned-center is-layout-flow wp-block-column-is-layout-flow\">\n<figure class=\"wp-block-gallery has-nested-images columns-2 is-cropped tourism-gallery wp-block-gallery-2 is-layout-flex wp-block-gallery-is-layout-flex\">\n<figure class=\"wp-block-image size-large\"><img data-recalc-dims=\"1\" loading=\"lazy\" decoding=\"async\" width=\"1024\" height=\"453\" data-id=\"150\" src=\"https:\/\/i0.wp.com\/www.hotel-lourdes-atrium.com\/wp-content\/uploads\/\/0016_DSC_0395_005-Copie.jpg?resize=1024%2C453&#038;ssl=1\" alt=\"\" class=\"wp-image-150\" srcset=\"https:\/\/i0.wp.com\/www.hotel-lourdes-atrium.com\/wp-content\/uploads\/0016_DSC_0395_005-Copie-scaled.jpg?resize=1024%2C453&amp;ssl=1 1024w, https:\/\/i0.wp.com\/www.hotel-lourdes-atrium.com\/wp-content\/uploads\/0016_DSC_0395_005-Copie-scaled.jpg?resize=300%2C133&amp;ssl=1 300w, https:\/\/i0.wp.com\/www.hotel-lourdes-atrium.com\/wp-content\/uploads\/0016_DSC_0395_005-Copie-scaled.jpg?resize=768%2C339&amp;ssl=1 768w, https:\/\/i0.wp.com\/www.hotel-lourdes-atrium.com\/wp-content\/uploads\/0016_DSC_0395_005-Copie-scaled.jpg?resize=1536%2C679&amp;ssl=1 1536w, https:\/\/i0.wp.com\/www.hotel-lourdes-atrium.com\/wp-content\/uploads\/0016_DSC_0395_005-Copie-scaled.jpg?resize=2048%2C905&amp;ssl=1 2048w, https:\/\/i0.wp.com\/www.hotel-lourdes-atrium.com\/wp-content\/uploads\/0016_DSC_0395_005-Copie-scaled.jpg?w=2560&amp;ssl=1 2560w\" sizes=\"auto, (max-width: 1024px) 100vw, 1024px\" \/><\/figure>\n\n\n\n<figure class=\"wp-block-image size-large\"><img data-recalc-dims=\"1\" loading=\"lazy\" decoding=\"async\" width=\"1024\" height=\"685\" data-id=\"164\" src=\"https:\/\/i0.wp.com\/www.hotel-lourdes-atrium.com\/wp-content\/uploads\/\/0020__DSC0198-Copie.jpg?resize=1024%2C685&#038;ssl=1\" alt=\"\" class=\"wp-image-164\" srcset=\"https:\/\/i0.wp.com\/www.hotel-lourdes-atrium.com\/wp-content\/uploads\/0020__DSC0198-Copie-scaled.jpg?resize=1024%2C685&amp;ssl=1 1024w, https:\/\/i0.wp.com\/www.hotel-lourdes-atrium.com\/wp-content\/uploads\/0020__DSC0198-Copie-scaled.jpg?resize=300%2C201&amp;ssl=1 300w, https:\/\/i0.wp.com\/www.hotel-lourdes-atrium.com\/wp-content\/uploads\/0020__DSC0198-Copie-scaled.jpg?resize=768%2C514&amp;ssl=1 768w, https:\/\/i0.wp.com\/www.hotel-lourdes-atrium.com\/wp-content\/uploads\/0020__DSC0198-Copie-scaled.jpg?resize=1536%2C1028&amp;ssl=1 1536w, https:\/\/i0.wp.com\/www.hotel-lourdes-atrium.com\/wp-content\/uploads\/0020__DSC0198-Copie-scaled.jpg?resize=2048%2C1371&amp;ssl=1 2048w, https:\/\/i0.wp.com\/www.hotel-lourdes-atrium.com\/wp-content\/uploads\/0020__DSC0198-Copie-scaled.jpg?w=2560&amp;ssl=1 2560w\" sizes=\"auto, (max-width: 1024px) 100vw, 1024px\" \/><\/figure>\n\n\n\n<figure class=\"wp-block-image size-large\"><img data-recalc-dims=\"1\" loading=\"lazy\" decoding=\"async\" width=\"1024\" height=\"684\" data-id=\"100\" src=\"https:\/\/i0.wp.com\/www.hotel-lourdes-atrium.com\/wp-content\/uploads\/\/0003_DSC_6793-Copie.jpg?resize=1024%2C684&#038;ssl=1\" alt=\"\" class=\"wp-image-100\" srcset=\"https:\/\/i0.wp.com\/www.hotel-lourdes-atrium.com\/wp-content\/uploads\/0003_DSC_6793-Copie-scaled.jpg?resize=1024%2C684&amp;ssl=1 1024w, https:\/\/i0.wp.com\/www.hotel-lourdes-atrium.com\/wp-content\/uploads\/0003_DSC_6793-Copie-scaled.jpg?resize=300%2C200&amp;ssl=1 300w, https:\/\/i0.wp.com\/www.hotel-lourdes-atrium.com\/wp-content\/uploads\/0003_DSC_6793-Copie-scaled.jpg?resize=768%2C513&amp;ssl=1 768w, https:\/\/i0.wp.com\/www.hotel-lourdes-atrium.com\/wp-content\/uploads\/0003_DSC_6793-Copie-scaled.jpg?resize=1536%2C1026&amp;ssl=1 1536w, https:\/\/i0.wp.com\/www.hotel-lourdes-atrium.com\/wp-content\/uploads\/0003_DSC_6793-Copie-scaled.jpg?resize=2048%2C1367&amp;ssl=1 2048w, https:\/\/i0.wp.com\/www.hotel-lourdes-atrium.com\/wp-content\/uploads\/0003_DSC_6793-Copie-scaled.jpg?w=2560&amp;ssl=1 2560w\" sizes=\"auto, (max-width: 1024px) 100vw, 1024px\" \/><\/figure>\n<\/figure>\n<\/div>\n<\/div>\n\n\n\n<p><\/p>\n<\/div><\/div>\n","protected":false},"excerpt":{"rendered":"<p>Lourdes y su regi\u00f3n Lourdes se encuentra en el departamento de Altos Pirineos, en el suroeste de Francia, a los pies de los Pirineos. El Hotel Atrium Lourdes est\u00e1 cerca de los Santuarios, la Gruta de Lourdes y el centro de la ciudad (a 6 minutos a pie). Tambi\u00e9n es el punto de partida para [&hellip;]<\/p>\n","protected":false},"author":2,"featured_media":0,"parent":6215,"menu_order":0,"comment_status":"closed","ping_status":"closed","template":"","meta":{"footnotes":""},"class_list":["post-7259","page","type-page","status-publish","hentry"],"yoast_head":"<!-- This site is optimized with the Yoast SEO plugin v27.3 - https:\/\/yoast.com\/product\/yoast-seo-wordpress\/ -->\n<title>Visitar Lourdes: Santuarios, Gruta y Pirineos | H\u00f4tel Atrium<\/title>\n<meta name=\"description\" content=\"Santuarios y Gruta de Lourdes a pie, centro de la ciudad cercano y excursiones en los Pirineos \u2013 H\u00f4tel Atrium ideal para visitar Lourdes.\" \/>\n<meta name=\"robots\" content=\"index, follow, max-snippet:-1, max-image-preview:large, max-video-preview:-1\" \/>\n<link rel=\"canonical\" href=\"https:\/\/www.hotel-lourdes-atrium.com\/es\/servicios\/turismo\/\" \/>\n<meta property=\"og:locale\" content=\"es_ES\" \/>\n<meta property=\"og:type\" content=\"article\" \/>\n<meta property=\"og:title\" content=\"Visitar Lourdes: Santuarios, Gruta y Pirineos | H\u00f4tel Atrium\" \/>\n<meta property=\"og:description\" content=\"Santuarios y Gruta de Lourdes a pie, centro de la ciudad cercano y excursiones en los Pirineos \u2013 H\u00f4tel Atrium ideal para visitar Lourdes.\" \/>\n<meta property=\"og:url\" content=\"https:\/\/www.hotel-lourdes-atrium.com\/es\/servicios\/turismo\/\" \/>\n<meta property=\"og:site_name\" content=\"H\u00f4tel Atrium Lourdes\" \/>\n<meta property=\"article:modified_time\" content=\"2026-03-25T12:36:25+00:00\" \/>\n<meta property=\"og:image\" content=\"https:\/\/www.hotel-lourdes-atrium.com\/wp-content\/uploads\/\/0007_DSC_6879-Copie-1024x684.jpg\" \/>\n<meta name=\"twitter:card\" content=\"summary_large_image\" \/>\n<meta name=\"twitter:label1\" content=\"Tiempo de lectura\" \/>\n\t<meta name=\"twitter:data1\" content=\"5 minutos\" \/>\n<script type=\"application\/ld+json\" class=\"yoast-schema-graph\">{\"@context\":\"https:\\\/\\\/schema.org\",\"@graph\":[{\"@type\":\"WebPage\",\"@id\":\"https:\\\/\\\/www.hotel-lourdes-atrium.com\\\/es\\\/servicios\\\/turismo\\\/\",\"url\":\"https:\\\/\\\/www.hotel-lourdes-atrium.com\\\/es\\\/servicios\\\/turismo\\\/\",\"name\":\"Visitar Lourdes: Santuarios, Gruta y Pirineos | H\u00f4tel Atrium\",\"isPartOf\":{\"@id\":\"https:\\\/\\\/www.hotel-lourdes-atrium.com\\\/es\\\/#website\"},\"primaryImageOfPage\":{\"@id\":\"https:\\\/\\\/www.hotel-lourdes-atrium.com\\\/es\\\/servicios\\\/turismo\\\/#primaryimage\"},\"image\":{\"@id\":\"https:\\\/\\\/www.hotel-lourdes-atrium.com\\\/es\\\/servicios\\\/turismo\\\/#primaryimage\"},\"thumbnailUrl\":\"https:\\\/\\\/www.hotel-lourdes-atrium.com\\\/wp-content\\\/uploads\\\/\\\/0007_DSC_6879-Copie-1024x684.jpg\",\"datePublished\":\"2026-03-19T20:55:21+00:00\",\"dateModified\":\"2026-03-25T12:36:25+00:00\",\"description\":\"Santuarios y Gruta de Lourdes a pie, centro de la ciudad cercano y excursiones en los Pirineos \u2013 H\u00f4tel Atrium ideal para visitar Lourdes.\",\"breadcrumb\":{\"@id\":\"https:\\\/\\\/www.hotel-lourdes-atrium.com\\\/es\\\/servicios\\\/turismo\\\/#breadcrumb\"},\"inLanguage\":\"es\",\"potentialAction\":[{\"@type\":\"ReadAction\",\"target\":[\"https:\\\/\\\/www.hotel-lourdes-atrium.com\\\/es\\\/servicios\\\/turismo\\\/\"]}]},{\"@type\":\"ImageObject\",\"inLanguage\":\"es\",\"@id\":\"https:\\\/\\\/www.hotel-lourdes-atrium.com\\\/es\\\/servicios\\\/turismo\\\/#primaryimage\",\"url\":\"https:\\\/\\\/www.hotel-lourdes-atrium.com\\\/wp-content\\\/uploads\\\/\\\/0007_DSC_6879-Copie-1024x684.jpg\",\"contentUrl\":\"https:\\\/\\\/www.hotel-lourdes-atrium.com\\\/wp-content\\\/uploads\\\/\\\/0007_DSC_6879-Copie-1024x684.jpg\"},{\"@type\":\"BreadcrumbList\",\"@id\":\"https:\\\/\\\/www.hotel-lourdes-atrium.com\\\/es\\\/servicios\\\/turismo\\\/#breadcrumb\",\"itemListElement\":[{\"@type\":\"ListItem\",\"position\":1,\"name\":\"Home\",\"item\":\"https:\\\/\\\/www.hotel-lourdes-atrium.com\\\/es\\\/\"},{\"@type\":\"ListItem\",\"position\":2,\"name\":\"Servicios\",\"item\":\"https:\\\/\\\/www.hotel-lourdes-atrium.com\\\/es\\\/servicios\\\/\"},{\"@type\":\"ListItem\",\"position\":3,\"name\":\"Turismo\"}]},{\"@type\":\"WebSite\",\"@id\":\"https:\\\/\\\/www.hotel-lourdes-atrium.com\\\/es\\\/#website\",\"url\":\"https:\\\/\\\/www.hotel-lourdes-atrium.com\\\/es\\\/\",\"name\":\"H\u00f4tel Atrium Lourdes\",\"description\":\"\",\"potentialAction\":[{\"@type\":\"SearchAction\",\"target\":{\"@type\":\"EntryPoint\",\"urlTemplate\":\"https:\\\/\\\/www.hotel-lourdes-atrium.com\\\/es\\\/?s={search_term_string}\"},\"query-input\":{\"@type\":\"PropertyValueSpecification\",\"valueRequired\":true,\"valueName\":\"search_term_string\"}}],\"inLanguage\":\"es\"}]}<\/script>\n<!-- \/ Yoast SEO plugin. -->","yoast_head_json":{"title":"Visitar Lourdes: Santuarios, Gruta y Pirineos | H\u00f4tel Atrium","description":"Santuarios y Gruta de Lourdes a pie, centro de la ciudad cercano y excursiones en los Pirineos \u2013 H\u00f4tel Atrium ideal para visitar Lourdes.","robots":{"index":"index","follow":"follow","max-snippet":"max-snippet:-1","max-image-preview":"max-image-preview:large","max-video-preview":"max-video-preview:-1"},"canonical":"https:\/\/www.hotel-lourdes-atrium.com\/es\/servicios\/turismo\/","og_locale":"es_ES","og_type":"article","og_title":"Visitar Lourdes: Santuarios, Gruta y Pirineos | H\u00f4tel Atrium","og_description":"Santuarios y Gruta de Lourdes a pie, centro de la ciudad cercano y excursiones en los Pirineos \u2013 H\u00f4tel Atrium ideal para visitar Lourdes.","og_url":"https:\/\/www.hotel-lourdes-atrium.com\/es\/servicios\/turismo\/","og_site_name":"H\u00f4tel Atrium Lourdes","article_modified_time":"2026-03-25T12:36:25+00:00","og_image":[{"url":"https:\/\/www.hotel-lourdes-atrium.com\/wp-content\/uploads\/\/0007_DSC_6879-Copie-1024x684.jpg","type":"","width":"","height":""}],"twitter_card":"summary_large_image","twitter_misc":{"Tiempo de lectura":"5 minutos"},"schema":{"@context":"https:\/\/schema.org","@graph":[{"@type":"WebPage","@id":"https:\/\/www.hotel-lourdes-atrium.com\/es\/servicios\/turismo\/","url":"https:\/\/www.hotel-lourdes-atrium.com\/es\/servicios\/turismo\/","name":"Visitar Lourdes: Santuarios, Gruta y Pirineos | H\u00f4tel Atrium","isPartOf":{"@id":"https:\/\/www.hotel-lourdes-atrium.com\/es\/#website"},"primaryImageOfPage":{"@id":"https:\/\/www.hotel-lourdes-atrium.com\/es\/servicios\/turismo\/#primaryimage"},"image":{"@id":"https:\/\/www.hotel-lourdes-atrium.com\/es\/servicios\/turismo\/#primaryimage"},"thumbnailUrl":"https:\/\/www.hotel-lourdes-atrium.com\/wp-content\/uploads\/\/0007_DSC_6879-Copie-1024x684.jpg","datePublished":"2026-03-19T20:55:21+00:00","dateModified":"2026-03-25T12:36:25+00:00","description":"Santuarios y Gruta de Lourdes a pie, centro de la ciudad cercano y excursiones en los Pirineos \u2013 H\u00f4tel Atrium ideal para visitar Lourdes.","breadcrumb":{"@id":"https:\/\/www.hotel-lourdes-atrium.com\/es\/servicios\/turismo\/#breadcrumb"},"inLanguage":"es","potentialAction":[{"@type":"ReadAction","target":["https:\/\/www.hotel-lourdes-atrium.com\/es\/servicios\/turismo\/"]}]},{"@type":"ImageObject","inLanguage":"es","@id":"https:\/\/www.hotel-lourdes-atrium.com\/es\/servicios\/turismo\/#primaryimage","url":"https:\/\/www.hotel-lourdes-atrium.com\/wp-content\/uploads\/\/0007_DSC_6879-Copie-1024x684.jpg","contentUrl":"https:\/\/www.hotel-lourdes-atrium.com\/wp-content\/uploads\/\/0007_DSC_6879-Copie-1024x684.jpg"},{"@type":"BreadcrumbList","@id":"https:\/\/www.hotel-lourdes-atrium.com\/es\/servicios\/turismo\/#breadcrumb","itemListElement":[{"@type":"ListItem","position":1,"name":"Home","item":"https:\/\/www.hotel-lourdes-atrium.com\/es\/"},{"@type":"ListItem","position":2,"name":"Servicios","item":"https:\/\/www.hotel-lourdes-atrium.com\/es\/servicios\/"},{"@type":"ListItem","position":3,"name":"Turismo"}]},{"@type":"WebSite","@id":"https:\/\/www.hotel-lourdes-atrium.com\/es\/#website","url":"https:\/\/www.hotel-lourdes-atrium.com\/es\/","name":"H\u00f4tel Atrium Lourdes","description":"","potentialAction":[{"@type":"SearchAction","target":{"@type":"EntryPoint","urlTemplate":"https:\/\/www.hotel-lourdes-atrium.com\/es\/?s={search_term_string}"},"query-input":{"@type":"PropertyValueSpecification","valueRequired":true,"valueName":"search_term_string"}}],"inLanguage":"es"}]}},"jetpack_sharing_enabled":true,"_links":{"self":[{"href":"https:\/\/www.hotel-lourdes-atrium.com\/es\/wp-json\/wp\/v2\/pages\/7259","targetHints":{"allow":["GET"]}}],"collection":[{"href":"https:\/\/www.hotel-lourdes-atrium.com\/es\/wp-json\/wp\/v2\/pages"}],"about":[{"href":"https:\/\/www.hotel-lourdes-atrium.com\/es\/wp-json\/wp\/v2\/types\/page"}],"author":[{"embeddable":true,"href":"https:\/\/www.hotel-lourdes-atrium.com\/es\/wp-json\/wp\/v2\/users\/2"}],"replies":[{"embeddable":true,"href":"https:\/\/www.hotel-lourdes-atrium.com\/es\/wp-json\/wp\/v2\/comments?post=7259"}],"version-history":[{"count":1,"href":"https:\/\/www.hotel-lourdes-atrium.com\/es\/wp-json\/wp\/v2\/pages\/7259\/revisions"}],"predecessor-version":[{"id":7503,"href":"https:\/\/www.hotel-lourdes-atrium.com\/es\/wp-json\/wp\/v2\/pages\/7259\/revisions\/7503"}],"up":[{"embeddable":true,"href":"https:\/\/www.hotel-lourdes-atrium.com\/es\/wp-json\/wp\/v2\/pages\/6215"}],"wp:attachment":[{"href":"https:\/\/www.hotel-lourdes-atrium.com\/es\/wp-json\/wp\/v2\/media?parent=7259"}],"curies":[{"name":"wp","href":"https:\/\/api.w.org\/{rel}","templated":true}]}}