{"id":6264,"date":"2023-02-16T17:06:02","date_gmt":"2023-02-16T16:06:02","guid":{"rendered":"https:\/\/www.hotel-lourdes-atrium.com\/?page_id=6264"},"modified":"2026-02-07T12:18:18","modified_gmt":"2026-02-07T11:18:18","slug":"opinion","status":"publish","type":"page","link":"https:\/\/www.hotel-lourdes-atrium.com\/es\/opinion\/","title":{"rendered":"Opini\u00f3n"},"content":{"rendered":"\n<div class=\"wp-block-group alignfull has-cream-background-color has-background\"><div class=\"wp-block-group__inner-container is-layout-constrained wp-block-group-is-layout-constrained\">\n<div style=\"height:20px\" aria-hidden=\"true\" class=\"wp-block-spacer\"><\/div>\n\n\n\n<div class=\"wp-block-columns larger-grid more-spacing is-layout-flex wp-container-core-columns-is-layout-9d6595d7 wp-block-columns-is-layout-flex\">\n<div class=\"wp-block-column is-vertically-aligned-center is-layout-flow wp-block-column-is-layout-flow\" style=\"flex-basis:75%\">\n<h1 class=\"wp-block-heading\">Su satisfacci\u00f3n es nuestra prioridad<\/h1>\n\n\n\n<div class=\"wp-block-columns with-quote is-layout-flex wp-container-core-columns-is-layout-9d6595d7 wp-block-columns-is-layout-flex\">\n<div class=\"wp-block-column is-layout-flow wp-block-column-is-layout-flow\">\n<p>Nos esmeramos en recopilar todas sus sugerencias y comentarios sobre su experiencia; de este modo mejoramos nuestros servicios para brindarle una satisfacci\u00f3n cada vez mayor.<\/p>\n<\/div>\n\n\n\n<div class=\"wp-block-column is-layout-flow wp-block-column-is-layout-flow\">\n<p>Las opiniones que se presentan a continuaci\u00f3n son aut\u00e9nticas y han sido recogidas por un organismo independiente que verifica su origen conforme a la norma AFNOR NF Z74-50, con el fin de garantizar su fiabilidad.\u202f<\/p>\n<\/div>\n<\/div>\n<\/div>\n\n\n\n<div class=\"wp-block-column is-vertically-aligned-center reviews-col is-layout-flow wp-block-column-is-layout-flow\" style=\"flex-basis:25%\">    <div class=\"reviews-summary\">\n        <span class=\"reviews-note\">8,7<\/span><span class=\"reviews-note-total\">\/10<\/span>\n    <\/div>\n\n\n\n\n<figure class=\"wp-block-image size-thumb-400-square is-style-default\"><img data-recalc-dims=\"1\" loading=\"lazy\" decoding=\"async\" width=\"400\" height=\"400\" src=\"https:\/\/i0.wp.com\/www.hotel-lourdes-atrium.com\/wp-content\/uploads\/\/0041_DSC_4257-Photo-Studio-Derozier-Copie.jpg?resize=400%2C400&#038;ssl=1\" alt=\"\" class=\"wp-image-206\" srcset=\"https:\/\/i0.wp.com\/www.hotel-lourdes-atrium.com\/wp-content\/uploads\/0041_DSC_4257-Photo-Studio-Derozier-Copie-scaled.jpg?resize=400%2C400&amp;ssl=1 400w, https:\/\/i0.wp.com\/www.hotel-lourdes-atrium.com\/wp-content\/uploads\/0041_DSC_4257-Photo-Studio-Derozier-Copie-scaled.jpg?resize=150%2C150&amp;ssl=1 150w, https:\/\/i0.wp.com\/www.hotel-lourdes-atrium.com\/wp-content\/uploads\/0041_DSC_4257-Photo-Studio-Derozier-Copie-scaled.jpg?resize=500%2C500&amp;ssl=1 500w, https:\/\/i0.wp.com\/www.hotel-lourdes-atrium.com\/wp-content\/uploads\/0041_DSC_4257-Photo-Studio-Derozier-Copie-scaled.jpg?zoom=2&amp;resize=400%2C400&amp;ssl=1 800w, https:\/\/i0.wp.com\/www.hotel-lourdes-atrium.com\/wp-content\/uploads\/0041_DSC_4257-Photo-Studio-Derozier-Copie-scaled.jpg?zoom=3&amp;resize=400%2C400&amp;ssl=1 1200w\" sizes=\"auto, (max-width: 400px) 100vw, 400px\" \/><\/figure>\n<\/div>\n<\/div>\n<\/div><\/div>\n","protected":false},"excerpt":{"rendered":"<p>Su satisfacci\u00f3n es nuestra prioridad Nos esmeramos en recopilar todas sus sugerencias y comentarios sobre su experiencia; de este modo mejoramos nuestros servicios para brindarle una satisfacci\u00f3n cada vez mayor. Las opiniones que se presentan a continuaci\u00f3n son aut\u00e9nticas y han sido recogidas por un organismo independiente que verifica su origen conforme a la norma [&hellip;]<\/p>\n","protected":false},"author":2,"featured_media":0,"parent":0,"menu_order":0,"comment_status":"closed","ping_status":"closed","template":"tpl-reviews.php","meta":{"footnotes":""},"class_list":["post-6264","page","type-page","status-publish","hentry"],"yoast_head":"<!-- This site is optimized with the Yoast SEO plugin v27.5 - https:\/\/yoast.com\/product\/yoast-seo-wordpress\/ -->\n<title>Opiniones de clientes H\u00f4tel Atrium Lourdes | Testimonios<\/title>\n<meta name=\"description\" content=\"Lea opiniones de clientes verificados del H\u00f4tel Atrium en Lourdes: experiencias, satisfacci\u00f3n y comentarios para planificar su estancia con confianza.\" \/>\n<meta name=\"robots\" content=\"index, follow, max-snippet:-1, max-image-preview:large, max-video-preview:-1\" \/>\n<link rel=\"canonical\" href=\"https:\/\/www.hotel-lourdes-atrium.com\/es\/opinion\/\" \/>\n<meta property=\"og:locale\" content=\"es_ES\" \/>\n<meta property=\"og:type\" content=\"article\" \/>\n<meta property=\"og:title\" content=\"Opiniones de clientes H\u00f4tel Atrium Lourdes | Testimonios\" \/>\n<meta property=\"og:description\" content=\"Lea opiniones de clientes verificados del H\u00f4tel Atrium en Lourdes: experiencias, satisfacci\u00f3n y comentarios para planificar su estancia con confianza.\" \/>\n<meta property=\"og:url\" content=\"https:\/\/www.hotel-lourdes-atrium.com\/es\/opinion\/\" \/>\n<meta property=\"og:site_name\" content=\"H\u00f4tel Atrium Lourdes\" \/>\n<meta property=\"article:modified_time\" content=\"2026-02-07T11:18:18+00:00\" \/>\n<meta property=\"og:image\" content=\"https:\/\/www.hotel-lourdes-atrium.com\/wp-content\/uploads\/\/0041_DSC_4257-Photo-Studio-Derozier-Copie-400x400.jpg\" \/>\n<meta name=\"twitter:card\" content=\"summary_large_image\" \/>\n<meta name=\"twitter:label1\" content=\"Tiempo de lectura\" \/>\n\t<meta name=\"twitter:data1\" content=\"1 minuto\" \/>\n<script type=\"application\/ld+json\" class=\"yoast-schema-graph\">{\"@context\":\"https:\\\/\\\/schema.org\",\"@graph\":[{\"@type\":\"WebPage\",\"@id\":\"https:\\\/\\\/www.hotel-lourdes-atrium.com\\\/es\\\/opinion\\\/\",\"url\":\"https:\\\/\\\/www.hotel-lourdes-atrium.com\\\/es\\\/opinion\\\/\",\"name\":\"Opiniones de clientes H\u00f4tel Atrium Lourdes | Testimonios\",\"isPartOf\":{\"@id\":\"https:\\\/\\\/www.hotel-lourdes-atrium.com\\\/es\\\/#website\"},\"primaryImageOfPage\":{\"@id\":\"https:\\\/\\\/www.hotel-lourdes-atrium.com\\\/es\\\/opinion\\\/#primaryimage\"},\"image\":{\"@id\":\"https:\\\/\\\/www.hotel-lourdes-atrium.com\\\/es\\\/opinion\\\/#primaryimage\"},\"thumbnailUrl\":\"https:\\\/\\\/www.hotel-lourdes-atrium.com\\\/wp-content\\\/uploads\\\/\\\/0041_DSC_4257-Photo-Studio-Derozier-Copie-400x400.jpg\",\"datePublished\":\"2023-02-16T16:06:02+00:00\",\"dateModified\":\"2026-02-07T11:18:18+00:00\",\"description\":\"Lea opiniones de clientes verificados del H\u00f4tel Atrium en Lourdes: experiencias, satisfacci\u00f3n y comentarios para planificar su estancia con confianza.\",\"breadcrumb\":{\"@id\":\"https:\\\/\\\/www.hotel-lourdes-atrium.com\\\/es\\\/opinion\\\/#breadcrumb\"},\"inLanguage\":\"es\",\"potentialAction\":[{\"@type\":\"ReadAction\",\"target\":[\"https:\\\/\\\/www.hotel-lourdes-atrium.com\\\/es\\\/opinion\\\/\"]}]},{\"@type\":\"ImageObject\",\"inLanguage\":\"es\",\"@id\":\"https:\\\/\\\/www.hotel-lourdes-atrium.com\\\/es\\\/opinion\\\/#primaryimage\",\"url\":\"https:\\\/\\\/www.hotel-lourdes-atrium.com\\\/wp-content\\\/uploads\\\/\\\/0041_DSC_4257-Photo-Studio-Derozier-Copie-400x400.jpg\",\"contentUrl\":\"https:\\\/\\\/www.hotel-lourdes-atrium.com\\\/wp-content\\\/uploads\\\/\\\/0041_DSC_4257-Photo-Studio-Derozier-Copie-400x400.jpg\"},{\"@type\":\"BreadcrumbList\",\"@id\":\"https:\\\/\\\/www.hotel-lourdes-atrium.com\\\/es\\\/opinion\\\/#breadcrumb\",\"itemListElement\":[{\"@type\":\"ListItem\",\"position\":1,\"name\":\"Home\",\"item\":\"https:\\\/\\\/www.hotel-lourdes-atrium.com\\\/es\\\/\"},{\"@type\":\"ListItem\",\"position\":2,\"name\":\"Opini\u00f3n\"}]},{\"@type\":\"WebSite\",\"@id\":\"https:\\\/\\\/www.hotel-lourdes-atrium.com\\\/es\\\/#website\",\"url\":\"https:\\\/\\\/www.hotel-lourdes-atrium.com\\\/es\\\/\",\"name\":\"H\u00f4tel Atrium Lourdes\",\"description\":\"\",\"potentialAction\":[{\"@type\":\"SearchAction\",\"target\":{\"@type\":\"EntryPoint\",\"urlTemplate\":\"https:\\\/\\\/www.hotel-lourdes-atrium.com\\\/es\\\/?s={search_term_string}\"},\"query-input\":{\"@type\":\"PropertyValueSpecification\",\"valueRequired\":true,\"valueName\":\"search_term_string\"}}],\"inLanguage\":\"es\"}]}<\/script>\n<!-- \/ Yoast SEO plugin. -->","yoast_head_json":{"title":"Opiniones de clientes H\u00f4tel Atrium Lourdes | Testimonios","description":"Lea opiniones de clientes verificados del H\u00f4tel Atrium en Lourdes: experiencias, satisfacci\u00f3n y comentarios para planificar su estancia con confianza.","robots":{"index":"index","follow":"follow","max-snippet":"max-snippet:-1","max-image-preview":"max-image-preview:large","max-video-preview":"max-video-preview:-1"},"canonical":"https:\/\/www.hotel-lourdes-atrium.com\/es\/opinion\/","og_locale":"es_ES","og_type":"article","og_title":"Opiniones de clientes H\u00f4tel Atrium Lourdes | Testimonios","og_description":"Lea opiniones de clientes verificados del H\u00f4tel Atrium en Lourdes: experiencias, satisfacci\u00f3n y comentarios para planificar su estancia con confianza.","og_url":"https:\/\/www.hotel-lourdes-atrium.com\/es\/opinion\/","og_site_name":"H\u00f4tel Atrium Lourdes","article_modified_time":"2026-02-07T11:18:18+00:00","og_image":[{"url":"https:\/\/www.hotel-lourdes-atrium.com\/wp-content\/uploads\/\/0041_DSC_4257-Photo-Studio-Derozier-Copie-400x400.jpg","type":"","width":"","height":""}],"twitter_card":"summary_large_image","twitter_misc":{"Tiempo de lectura":"1 minuto"},"schema":{"@context":"https:\/\/schema.org","@graph":[{"@type":"WebPage","@id":"https:\/\/www.hotel-lourdes-atrium.com\/es\/opinion\/","url":"https:\/\/www.hotel-lourdes-atrium.com\/es\/opinion\/","name":"Opiniones de clientes H\u00f4tel Atrium Lourdes | Testimonios","isPartOf":{"@id":"https:\/\/www.hotel-lourdes-atrium.com\/es\/#website"},"primaryImageOfPage":{"@id":"https:\/\/www.hotel-lourdes-atrium.com\/es\/opinion\/#primaryimage"},"image":{"@id":"https:\/\/www.hotel-lourdes-atrium.com\/es\/opinion\/#primaryimage"},"thumbnailUrl":"https:\/\/www.hotel-lourdes-atrium.com\/wp-content\/uploads\/\/0041_DSC_4257-Photo-Studio-Derozier-Copie-400x400.jpg","datePublished":"2023-02-16T16:06:02+00:00","dateModified":"2026-02-07T11:18:18+00:00","description":"Lea opiniones de clientes verificados del H\u00f4tel Atrium en Lourdes: experiencias, satisfacci\u00f3n y comentarios para planificar su estancia con confianza.","breadcrumb":{"@id":"https:\/\/www.hotel-lourdes-atrium.com\/es\/opinion\/#breadcrumb"},"inLanguage":"es","potentialAction":[{"@type":"ReadAction","target":["https:\/\/www.hotel-lourdes-atrium.com\/es\/opinion\/"]}]},{"@type":"ImageObject","inLanguage":"es","@id":"https:\/\/www.hotel-lourdes-atrium.com\/es\/opinion\/#primaryimage","url":"https:\/\/www.hotel-lourdes-atrium.com\/wp-content\/uploads\/\/0041_DSC_4257-Photo-Studio-Derozier-Copie-400x400.jpg","contentUrl":"https:\/\/www.hotel-lourdes-atrium.com\/wp-content\/uploads\/\/0041_DSC_4257-Photo-Studio-Derozier-Copie-400x400.jpg"},{"@type":"BreadcrumbList","@id":"https:\/\/www.hotel-lourdes-atrium.com\/es\/opinion\/#breadcrumb","itemListElement":[{"@type":"ListItem","position":1,"name":"Home","item":"https:\/\/www.hotel-lourdes-atrium.com\/es\/"},{"@type":"ListItem","position":2,"name":"Opini\u00f3n"}]},{"@type":"WebSite","@id":"https:\/\/www.hotel-lourdes-atrium.com\/es\/#website","url":"https:\/\/www.hotel-lourdes-atrium.com\/es\/","name":"H\u00f4tel Atrium Lourdes","description":"","potentialAction":[{"@type":"SearchAction","target":{"@type":"EntryPoint","urlTemplate":"https:\/\/www.hotel-lourdes-atrium.com\/es\/?s={search_term_string}"},"query-input":{"@type":"PropertyValueSpecification","valueRequired":true,"valueName":"search_term_string"}}],"inLanguage":"es"}]}},"jetpack_sharing_enabled":true,"_links":{"self":[{"href":"https:\/\/www.hotel-lourdes-atrium.com\/es\/wp-json\/wp\/v2\/pages\/6264","targetHints":{"allow":["GET"]}}],"collection":[{"href":"https:\/\/www.hotel-lourdes-atrium.com\/es\/wp-json\/wp\/v2\/pages"}],"about":[{"href":"https:\/\/www.hotel-lourdes-atrium.com\/es\/wp-json\/wp\/v2\/types\/page"}],"author":[{"embeddable":true,"href":"https:\/\/www.hotel-lourdes-atrium.com\/es\/wp-json\/wp\/v2\/users\/2"}],"replies":[{"embeddable":true,"href":"https:\/\/www.hotel-lourdes-atrium.com\/es\/wp-json\/wp\/v2\/comments?post=6264"}],"version-history":[{"count":2,"href":"https:\/\/www.hotel-lourdes-atrium.com\/es\/wp-json\/wp\/v2\/pages\/6264\/revisions"}],"predecessor-version":[{"id":6375,"href":"https:\/\/www.hotel-lourdes-atrium.com\/es\/wp-json\/wp\/v2\/pages\/6264\/revisions\/6375"}],"wp:attachment":[{"href":"https:\/\/www.hotel-lourdes-atrium.com\/es\/wp-json\/wp\/v2\/media?parent=6264"}],"curies":[{"name":"wp","href":"https:\/\/api.w.org\/{rel}","templated":true}]}}