{"id":6259,"date":"2023-02-16T10:36:52","date_gmt":"2023-02-16T09:36:52","guid":{"rendered":"https:\/\/www.hotel-lourdes-atrium.com\/?page_id=6259"},"modified":"2026-02-07T12:22:38","modified_gmt":"2026-02-07T11:22:38","slug":"politica-de-privacidad","status":"publish","type":"page","link":"https:\/\/www.hotel-lourdes-atrium.com\/es\/politica-de-privacidad\/","title":{"rendered":"Pol\u00edtica de privacidad"},"content":{"rendered":"\n<div class=\"wp-block-group\"><div class=\"wp-block-group__inner-container is-layout-constrained wp-block-group-is-layout-constrained\">\n<h1 class=\"wp-block-heading\">Pol\u00edtica de privacidad<\/h1>\n<\/div><\/div>\n\n\n\n<div class=\"wp-block-group\"><div class=\"wp-block-group__inner-container is-layout-constrained wp-block-group-is-layout-constrained\">\n<h2 class=\"wp-block-heading has-purple-color has-text-color\">\u00bfQui\u00e9nes somos?<\/h2>\n\n\n\n<p>Este sitio web es operado por el Hotel Atrium en Lourdes.<\/p>\n<\/div><\/div>\n\n\n\n<div class=\"wp-block-group\"><div class=\"wp-block-group__inner-container is-layout-constrained wp-block-group-is-layout-constrained\">\n<h2 class=\"wp-block-heading has-purple-color has-text-color\">Uso de los datos personales recolectados<\/h2>\n\n\n\n<h3 class=\"wp-block-heading has-purple-color has-text-color\"><strong>Formularios de contacto<\/strong><\/h3>\n\n\n\n<p>Las solicitudes enviadas a trav\u00e9s del formulario de contacto se conservan para poder responder adecuadamente. Se utiliza reCAPTCHA para filtrar el spam.<\/p>\n\n\n\n<h3 class=\"wp-block-heading has-purple-color has-text-color\">Cookies<\/h3>\n\n\n\n<p>Al dejar un comentario en el sitio, se puede ofrecer guardar el nombre, correo electr\u00f3nico y sitio web en cookies, para facilitar futuros comentarios. Estos cookies expiran despu\u00e9s de un a\u00f1o.<\/p>\n\n\n\n<p>Al acceder a la p\u00e1gina de conexi\u00f3n, se crea una cookie temporal para verificar si el navegador acepta cookies; no contiene datos personales y se elimina al cerrar el navegador.<\/p>\n\n\n\n<p>Durante la sesi\u00f3n de conexi\u00f3n, se establecen cookies para almacenar datos de acceso y preferencias de visualizaci\u00f3n (2 d\u00edas para la cookie de acceso, 1 a\u00f1o para las opciones de pantalla). Si se marca \u201cRecu\u00e9rdame\u201d, la cookie de acceso se conserva dos semanas. Al cerrar sesi\u00f3n, se borra esta cookie.<\/p>\n\n\n\n<p>Al modificar o publicar contenido, se guarda una cookie adicional que incluye el ID de la publicaci\u00f3n modificada, sin datos personales, y expira a los 1\u202fd\u00eda<\/p>\n\n\n\n<h3 class=\"wp-block-heading has-purple-color has-text-color\"><strong>Contenido integrado desde otros sitios<\/strong><\/h3>\n\n\n\n<p>Los contenidos incorporados (videos, im\u00e1genes, art\u00edculos, etc.) se comportan como si el usuario visitara directamente esos sitios externos, lo que implica que dichos sitios podr\u00edan recopilar datos, usar cookies, realizar seguimiento u otras herramientas asociadas.<\/p>\n\n\n\n<p><\/p>\n<\/div><\/div>\n\n\n\n<div class=\"wp-block-group\"><div class=\"wp-block-group__inner-container is-layout-constrained wp-block-group-is-layout-constrained\">\n<h2 class=\"wp-block-heading has-purple-color has-text-color\">Uso y transmisi\u00f3n de tus datos personales<\/h2>\n\n\n\n<h3 class=\"wp-block-heading has-purple-color has-text-color\"><strong>Duraci\u00f3n del almacenamiento<\/strong><\/h3>\n\n\n\n<p>Los comentarios y sus metadatos se conservan indefinidamente para facilitar aprobaciones autom\u00e1ticas en futuros comentarios.<\/p>\n\n\n\n<p>Los datos personales registrados por usuarios con cuenta tambi\u00e9n se almacenan en el perfil; estos usuarios pueden ver, modificar o borrar sus datos (excepto el nombre de usuario), y los administradores del sitio pueden gestionarlos.<\/p>\n\n\n\n<h3 class=\"wp-block-heading has-purple-color has-text-color\"><strong>Tus derechos sobre tus datos<\/strong><\/h3>\n\n\n\n<p>Si tienes cuenta o has dejado comentarios, puedes solicitar un archivo conteniendo todos los datos personales que poseemos sobre ti. Tambi\u00e9n puedes pedir la eliminaci\u00f3n de estos datos, excepto aquellos almacenados por razones administrativas, legales o de seguridad.<\/p>\n\n\n\n<h3 class=\"wp-block-heading has-purple-color has-text-color\"><strong>Transmisi\u00f3n de tus datos<\/strong><\/h3>\n\n\n\n<p>Los comentarios pueden ser verificados mediante un servicio automatizado antispam.<\/p>\n<\/div><\/div>\n\n\n\n<div class=\"wp-block-group\"><div class=\"wp-block-group__inner-container is-layout-constrained wp-block-group-is-layout-constrained\">\n<h2 class=\"wp-block-heading has-purple-color has-text-color\">Informaci\u00f3n de contacto<\/h2>\n\n\n\n<p><a href=\"https:\/\/www.hotel-lourdes-atrium.com\/es\/contacto-y-acceso\/\">Puedes contactar con el hotel mediante el formulario de contacto del sitio.<\/a><\/p>\n<\/div><\/div>\n","protected":false},"excerpt":{"rendered":"<p>Pol\u00edtica de privacidad \u00bfQui\u00e9nes somos? Este sitio web es operado por el Hotel Atrium en Lourdes. Uso de los datos personales recolectados Formularios de contacto Las solicitudes enviadas a trav\u00e9s del formulario de contacto se conservan para poder responder adecuadamente. Se utiliza reCAPTCHA para filtrar el spam. Cookies Al dejar un comentario en el sitio, [&hellip;]<\/p>\n","protected":false},"author":2,"featured_media":0,"parent":0,"menu_order":0,"comment_status":"closed","ping_status":"open","template":"","meta":{"footnotes":""},"class_list":["post-6259","page","type-page","status-publish","hentry"],"yoast_head":"<!-- This site is optimized with the Yoast SEO plugin v27.5 - https:\/\/yoast.com\/product\/yoast-seo-wordpress\/ -->\n<title>Pol\u00edtica de privacidad y cookies | H\u00f4tel Atrium Lourdes<\/title>\n<meta name=\"description\" content=\"Lea la pol\u00edtica de privacidad y cookies del H\u00f4tel Atrium en Lourdes: protecci\u00f3n de datos personales e informaci\u00f3n legal.\" \/>\n<meta name=\"robots\" content=\"index, follow, max-snippet:-1, max-image-preview:large, max-video-preview:-1\" \/>\n<link rel=\"canonical\" href=\"https:\/\/www.hotel-lourdes-atrium.com\/es\/politica-de-privacidad\/\" \/>\n<meta property=\"og:locale\" content=\"es_ES\" \/>\n<meta property=\"og:type\" content=\"article\" \/>\n<meta property=\"og:title\" content=\"Pol\u00edtica de privacidad y cookies | H\u00f4tel Atrium Lourdes\" \/>\n<meta property=\"og:description\" content=\"Lea la pol\u00edtica de privacidad y cookies del H\u00f4tel Atrium en Lourdes: protecci\u00f3n de datos personales e informaci\u00f3n legal.\" \/>\n<meta property=\"og:url\" content=\"https:\/\/www.hotel-lourdes-atrium.com\/es\/politica-de-privacidad\/\" \/>\n<meta property=\"og:site_name\" content=\"H\u00f4tel Atrium Lourdes\" \/>\n<meta property=\"article:modified_time\" content=\"2026-02-07T11:22:38+00:00\" \/>\n<meta name=\"twitter:card\" content=\"summary_large_image\" \/>\n<meta name=\"twitter:label1\" content=\"Tiempo de lectura\" \/>\n\t<meta name=\"twitter:data1\" content=\"2 minutos\" \/>\n<script type=\"application\/ld+json\" class=\"yoast-schema-graph\">{\"@context\":\"https:\\\/\\\/schema.org\",\"@graph\":[{\"@type\":\"WebPage\",\"@id\":\"https:\\\/\\\/www.hotel-lourdes-atrium.com\\\/es\\\/politica-de-privacidad\\\/\",\"url\":\"https:\\\/\\\/www.hotel-lourdes-atrium.com\\\/es\\\/politica-de-privacidad\\\/\",\"name\":\"Pol\u00edtica de privacidad y cookies | H\u00f4tel Atrium Lourdes\",\"isPartOf\":{\"@id\":\"https:\\\/\\\/www.hotel-lourdes-atrium.com\\\/es\\\/#website\"},\"datePublished\":\"2023-02-16T09:36:52+00:00\",\"dateModified\":\"2026-02-07T11:22:38+00:00\",\"description\":\"Lea la pol\u00edtica de privacidad y cookies del H\u00f4tel Atrium en Lourdes: protecci\u00f3n de datos personales e informaci\u00f3n legal.\",\"breadcrumb\":{\"@id\":\"https:\\\/\\\/www.hotel-lourdes-atrium.com\\\/es\\\/politica-de-privacidad\\\/#breadcrumb\"},\"inLanguage\":\"es\",\"potentialAction\":[{\"@type\":\"ReadAction\",\"target\":[\"https:\\\/\\\/www.hotel-lourdes-atrium.com\\\/es\\\/politica-de-privacidad\\\/\"]}]},{\"@type\":\"BreadcrumbList\",\"@id\":\"https:\\\/\\\/www.hotel-lourdes-atrium.com\\\/es\\\/politica-de-privacidad\\\/#breadcrumb\",\"itemListElement\":[{\"@type\":\"ListItem\",\"position\":1,\"name\":\"Home\",\"item\":\"https:\\\/\\\/www.hotel-lourdes-atrium.com\\\/es\\\/\"},{\"@type\":\"ListItem\",\"position\":2,\"name\":\"Pol\u00edtica de privacidad\"}]},{\"@type\":\"WebSite\",\"@id\":\"https:\\\/\\\/www.hotel-lourdes-atrium.com\\\/es\\\/#website\",\"url\":\"https:\\\/\\\/www.hotel-lourdes-atrium.com\\\/es\\\/\",\"name\":\"H\u00f4tel Atrium Lourdes\",\"description\":\"\",\"potentialAction\":[{\"@type\":\"SearchAction\",\"target\":{\"@type\":\"EntryPoint\",\"urlTemplate\":\"https:\\\/\\\/www.hotel-lourdes-atrium.com\\\/es\\\/?s={search_term_string}\"},\"query-input\":{\"@type\":\"PropertyValueSpecification\",\"valueRequired\":true,\"valueName\":\"search_term_string\"}}],\"inLanguage\":\"es\"}]}<\/script>\n<!-- \/ Yoast SEO plugin. -->","yoast_head_json":{"title":"Pol\u00edtica de privacidad y cookies | H\u00f4tel Atrium Lourdes","description":"Lea la pol\u00edtica de privacidad y cookies del H\u00f4tel Atrium en Lourdes: protecci\u00f3n de datos personales e informaci\u00f3n legal.","robots":{"index":"index","follow":"follow","max-snippet":"max-snippet:-1","max-image-preview":"max-image-preview:large","max-video-preview":"max-video-preview:-1"},"canonical":"https:\/\/www.hotel-lourdes-atrium.com\/es\/politica-de-privacidad\/","og_locale":"es_ES","og_type":"article","og_title":"Pol\u00edtica de privacidad y cookies | H\u00f4tel Atrium Lourdes","og_description":"Lea la pol\u00edtica de privacidad y cookies del H\u00f4tel Atrium en Lourdes: protecci\u00f3n de datos personales e informaci\u00f3n legal.","og_url":"https:\/\/www.hotel-lourdes-atrium.com\/es\/politica-de-privacidad\/","og_site_name":"H\u00f4tel Atrium Lourdes","article_modified_time":"2026-02-07T11:22:38+00:00","twitter_card":"summary_large_image","twitter_misc":{"Tiempo de lectura":"2 minutos"},"schema":{"@context":"https:\/\/schema.org","@graph":[{"@type":"WebPage","@id":"https:\/\/www.hotel-lourdes-atrium.com\/es\/politica-de-privacidad\/","url":"https:\/\/www.hotel-lourdes-atrium.com\/es\/politica-de-privacidad\/","name":"Pol\u00edtica de privacidad y cookies | H\u00f4tel Atrium Lourdes","isPartOf":{"@id":"https:\/\/www.hotel-lourdes-atrium.com\/es\/#website"},"datePublished":"2023-02-16T09:36:52+00:00","dateModified":"2026-02-07T11:22:38+00:00","description":"Lea la pol\u00edtica de privacidad y cookies del H\u00f4tel Atrium en Lourdes: protecci\u00f3n de datos personales e informaci\u00f3n legal.","breadcrumb":{"@id":"https:\/\/www.hotel-lourdes-atrium.com\/es\/politica-de-privacidad\/#breadcrumb"},"inLanguage":"es","potentialAction":[{"@type":"ReadAction","target":["https:\/\/www.hotel-lourdes-atrium.com\/es\/politica-de-privacidad\/"]}]},{"@type":"BreadcrumbList","@id":"https:\/\/www.hotel-lourdes-atrium.com\/es\/politica-de-privacidad\/#breadcrumb","itemListElement":[{"@type":"ListItem","position":1,"name":"Home","item":"https:\/\/www.hotel-lourdes-atrium.com\/es\/"},{"@type":"ListItem","position":2,"name":"Pol\u00edtica de privacidad"}]},{"@type":"WebSite","@id":"https:\/\/www.hotel-lourdes-atrium.com\/es\/#website","url":"https:\/\/www.hotel-lourdes-atrium.com\/es\/","name":"H\u00f4tel Atrium Lourdes","description":"","potentialAction":[{"@type":"SearchAction","target":{"@type":"EntryPoint","urlTemplate":"https:\/\/www.hotel-lourdes-atrium.com\/es\/?s={search_term_string}"},"query-input":{"@type":"PropertyValueSpecification","valueRequired":true,"valueName":"search_term_string"}}],"inLanguage":"es"}]}},"jetpack_sharing_enabled":true,"_links":{"self":[{"href":"https:\/\/www.hotel-lourdes-atrium.com\/es\/wp-json\/wp\/v2\/pages\/6259","targetHints":{"allow":["GET"]}}],"collection":[{"href":"https:\/\/www.hotel-lourdes-atrium.com\/es\/wp-json\/wp\/v2\/pages"}],"about":[{"href":"https:\/\/www.hotel-lourdes-atrium.com\/es\/wp-json\/wp\/v2\/types\/page"}],"author":[{"embeddable":true,"href":"https:\/\/www.hotel-lourdes-atrium.com\/es\/wp-json\/wp\/v2\/users\/2"}],"replies":[{"embeddable":true,"href":"https:\/\/www.hotel-lourdes-atrium.com\/es\/wp-json\/wp\/v2\/comments?post=6259"}],"version-history":[{"count":2,"href":"https:\/\/www.hotel-lourdes-atrium.com\/es\/wp-json\/wp\/v2\/pages\/6259\/revisions"}],"predecessor-version":[{"id":6261,"href":"https:\/\/www.hotel-lourdes-atrium.com\/es\/wp-json\/wp\/v2\/pages\/6259\/revisions\/6261"}],"wp:attachment":[{"href":"https:\/\/www.hotel-lourdes-atrium.com\/es\/wp-json\/wp\/v2\/media?parent=6259"}],"curies":[{"name":"wp","href":"https:\/\/api.w.org\/{rel}","templated":true}]}}