{"id":6256,"date":"2023-02-16T17:11:55","date_gmt":"2023-02-16T16:11:55","guid":{"rendered":"https:\/\/www.hotel-lourdes-atrium.com\/?page_id=6256"},"modified":"2026-02-07T12:20:13","modified_gmt":"2026-02-07T11:20:13","slug":"aviso-legal","status":"publish","type":"page","link":"https:\/\/www.hotel-lourdes-atrium.com\/es\/aviso-legal\/","title":{"rendered":"Aviso legal"},"content":{"rendered":"\n<div class=\"wp-block-group\"><div class=\"wp-block-group__inner-container is-layout-constrained wp-block-group-is-layout-constrained\">\n<h1 class=\"wp-block-heading\">Aviso legal<\/h1>\n<\/div><\/div>\n\n\n\n<div class=\"wp-block-group\"><div class=\"wp-block-group__inner-container is-layout-constrained wp-block-group-is-layout-constrained\">\n<h2 class=\"wp-block-heading has-purple-color has-text-color\">Editor<\/h2>\n\n\n\n<p>ATRIUM HOTEL<br>9 rue des P\u00e8lerins, 65100 Lourdes<br><a href=\"https:\/\/www.hotel-lourdes-atrium.com\/es\/contacto-y-acceso\/\">Formulario de contacto<\/a><br>Tel: +33 (0) 5 62 94 27 28<br>SIRET: 940 734 858 00019<br>Code APE: 5510Z<br>N.\u00ba de IVA intracomunitario: FR62940734858<br>SAS au capital de 10 000 \u20ac<\/p>\n<\/div><\/div>\n\n\n\n<div class=\"wp-block-group\"><div class=\"wp-block-group__inner-container is-layout-constrained wp-block-group-is-layout-constrained\">\n<h2 class=\"wp-block-heading has-purple-color has-text-color\">Director de publicaci\u00f3n<\/h2>\n\n\n\n<p>Th\u00e9o MARRAUD DES GROTTES<\/p>\n<\/div><\/div>\n\n\n\n<div class=\"wp-block-group\"><div class=\"wp-block-group__inner-container is-layout-constrained wp-block-group-is-layout-constrained\">\n<div class=\"wp-block-group\"><div class=\"wp-block-group__inner-container is-layout-constrained wp-block-group-is-layout-constrained\">\n<h2 class=\"wp-block-heading has-purple-color has-text-color\">Inscripci\u00f3n en la lista contra llamadas no deseadas<\/h2>\n\n\n\n<p>os clientes, prospectos y visitantes de este sitio web que no deseen recibir llamadas de prospecci\u00f3n comercial pueden registrar gratuitamente su n\u00famero de tel\u00e9fono fijo o m\u00f3vil en el sitio <a href=\"http:\/\/www.bloctel.gouv.fr\">www.bloctel.gouv.fr<\/a> o por correo a la siguiente direcci\u00f3n:<br><strong>Soci\u00e9t\u00e9 Opposetel, Service Bloctel, 6 rue Nicolas Siret, 10000\u202fTroyes<\/strong><\/p>\n<\/div><\/div>\n<\/div><\/div>\n\n\n\n<div class=\"wp-block-group\"><div class=\"wp-block-group__inner-container is-layout-constrained wp-block-group-is-layout-constrained\">\n<h2 class=\"wp-block-heading has-purple-color has-text-color\">Mediaci\u00f3n de consumo<\/h2>\n\n\n\n<p>De acuerdo con el art\u00edculo L.\u202f612\u20111 del C\u00f3digo de Consumo, dentro de un plazo de un a\u00f1o desde la reclamaci\u00f3n escrita, el consumidor \u2014conforme al art\u00edculo L.152\u20112 del mismo c\u00f3digo\u2014 puede iniciar una solicitud de resoluci\u00f3n amistosa mediante mediaci\u00f3n ante el organismo correspondiente<\/p>\n<\/div><\/div>\n\n\n\n<div class=\"wp-block-group\"><div class=\"wp-block-group__inner-container is-layout-constrained wp-block-group-is-layout-constrained\">\n<h2 class=\"wp-block-heading has-purple-color has-text-color\">Propiedad intelectual<\/h2>\n\n\n\n<p>Los textos y elementos visuales utilizados en este sitio web son propiedad exclusiva de ATRIUM HOTEL, protegidos por la ley de derechos de autor del 11 de marzo de 1957 y su actualizaci\u00f3n del 3 de julio de 1985 (C\u00f3digo de Propiedad Intelectual). Su uso, reproducci\u00f3n o explotaci\u00f3n requieren autorizaci\u00f3n previa de ATRIUM HOTEL<\/p>\n<\/div><\/div>\n\n\n\n<div class=\"wp-block-group\"><div class=\"wp-block-group__inner-container is-layout-constrained wp-block-group-is-layout-constrained\">\n<h2 class=\"wp-block-heading has-purple-color has-text-color\">Cr\u00e9ditos fotogr\u00e1ficos<\/h2>\n\n\n\n<p>Todas las fotograf\u00edas y gr\u00e1ficos utilizados est\u00e1n protegidos por derechos de autor conforme a las mismas leyes. Cr\u00e9ditos de fotos: H\u00f4tel Atrium, Studio Derozier, Pixabay<\/p>\n\n\n\n<p><\/p>\n<\/div><\/div>\n\n\n\n<div class=\"wp-block-group\"><div class=\"wp-block-group__inner-container is-layout-constrained wp-block-group-is-layout-constrained\">\n<h2 class=\"wp-block-heading has-purple-color has-text-color\">Dise\u00f1o<\/h2>\n\n\n\n<p>Squilik<br>40 rue Chef de Baie, 17 000 La Rochelle<br>https:\/\/www.squilik.fr<\/p>\n<\/div><\/div>\n\n\n\n<div class=\"wp-block-group\"><div class=\"wp-block-group__inner-container is-layout-constrained wp-block-group-is-layout-constrained\">\n<h2 class=\"wp-block-heading has-purple-color has-text-color\">Alojamiento del sitio<\/h2>\n\n\n\n<p>Squilik<br>40 rue Chef de Baie, 17 000 La Rochelle<br>https:\/\/www.squilik.fr<\/p>\n<\/div><\/div>\n\n\n\n<div class=\"wp-block-group\"><div class=\"wp-block-group__inner-container is-layout-constrained wp-block-group-is-layout-constrained\">\n<h2 class=\"wp-block-heading has-purple-color has-text-color\">Responsabilidades<\/h2>\n\n\n\n<p>Al acceder a este sitio, usted acepta respetar la legislaci\u00f3n aplicable en materia de derechos de autor y de la Ley de Informaci\u00f3n y Libertades. Squilik no es responsable por errores u omisiones. El editor se reserva el derecho de modificar o actualizar la informaci\u00f3n en cualquier momento<\/p>\n\n\n\n<p><a href=\"https:\/\/www.hotel-lourdes-atrium.com\/es\/politica-de-privacidad\/\">Datos personales y elecci\u00f3n de cookies.<\/a><\/p>\n<\/div><\/div>\n","protected":false},"excerpt":{"rendered":"<p>Aviso legal Editor ATRIUM HOTEL9 rue des P\u00e8lerins, 65100 LourdesFormulario de contactoTel: +33 (0) 5 62 94 27 28SIRET: 940 734 858 00019Code APE: 5510ZN.\u00ba de IVA intracomunitario: FR62940734858SAS au capital de 10 000 \u20ac Director de publicaci\u00f3n Th\u00e9o MARRAUD DES GROTTES Inscripci\u00f3n en la lista contra llamadas no deseadas os clientes, prospectos y visitantes [&hellip;]<\/p>\n","protected":false},"author":2,"featured_media":0,"parent":0,"menu_order":0,"comment_status":"closed","ping_status":"closed","template":"","meta":{"footnotes":""},"class_list":["post-6256","page","type-page","status-publish","hentry"],"yoast_head":"<!-- This site is optimized with the Yoast SEO plugin v27.5 - https:\/\/yoast.com\/product\/yoast-seo-wordpress\/ -->\n<title>Aviso legal | H\u00f4tel Atrium Lourdes<\/title>\n<meta name=\"description\" content=\"Consulte el aviso legal del H\u00f4tel Atrium en Lourdes: editor del sitio, informaci\u00f3n de alojamiento y condiciones de uso.\" \/>\n<meta name=\"robots\" content=\"index, follow, max-snippet:-1, max-image-preview:large, max-video-preview:-1\" \/>\n<link rel=\"canonical\" href=\"https:\/\/www.hotel-lourdes-atrium.com\/es\/aviso-legal\/\" \/>\n<meta property=\"og:locale\" content=\"es_ES\" \/>\n<meta property=\"og:type\" content=\"article\" \/>\n<meta property=\"og:title\" content=\"Aviso legal | H\u00f4tel Atrium Lourdes\" \/>\n<meta property=\"og:description\" content=\"Consulte el aviso legal del H\u00f4tel Atrium en Lourdes: editor del sitio, informaci\u00f3n de alojamiento y condiciones de uso.\" \/>\n<meta property=\"og:url\" content=\"https:\/\/www.hotel-lourdes-atrium.com\/es\/aviso-legal\/\" \/>\n<meta property=\"og:site_name\" content=\"H\u00f4tel Atrium Lourdes\" \/>\n<meta property=\"article:modified_time\" content=\"2026-02-07T11:20:13+00:00\" \/>\n<meta name=\"twitter:card\" content=\"summary_large_image\" \/>\n<meta name=\"twitter:label1\" content=\"Tiempo de lectura\" \/>\n\t<meta name=\"twitter:data1\" content=\"2 minutos\" \/>\n<script type=\"application\/ld+json\" class=\"yoast-schema-graph\">{\"@context\":\"https:\\\/\\\/schema.org\",\"@graph\":[{\"@type\":\"WebPage\",\"@id\":\"https:\\\/\\\/www.hotel-lourdes-atrium.com\\\/es\\\/aviso-legal\\\/\",\"url\":\"https:\\\/\\\/www.hotel-lourdes-atrium.com\\\/es\\\/aviso-legal\\\/\",\"name\":\"Aviso legal | H\u00f4tel Atrium Lourdes\",\"isPartOf\":{\"@id\":\"https:\\\/\\\/www.hotel-lourdes-atrium.com\\\/es\\\/#website\"},\"datePublished\":\"2023-02-16T16:11:55+00:00\",\"dateModified\":\"2026-02-07T11:20:13+00:00\",\"description\":\"Consulte el aviso legal del H\u00f4tel Atrium en Lourdes: editor del sitio, informaci\u00f3n de alojamiento y condiciones de uso.\",\"breadcrumb\":{\"@id\":\"https:\\\/\\\/www.hotel-lourdes-atrium.com\\\/es\\\/aviso-legal\\\/#breadcrumb\"},\"inLanguage\":\"es\",\"potentialAction\":[{\"@type\":\"ReadAction\",\"target\":[\"https:\\\/\\\/www.hotel-lourdes-atrium.com\\\/es\\\/aviso-legal\\\/\"]}]},{\"@type\":\"BreadcrumbList\",\"@id\":\"https:\\\/\\\/www.hotel-lourdes-atrium.com\\\/es\\\/aviso-legal\\\/#breadcrumb\",\"itemListElement\":[{\"@type\":\"ListItem\",\"position\":1,\"name\":\"Home\",\"item\":\"https:\\\/\\\/www.hotel-lourdes-atrium.com\\\/es\\\/\"},{\"@type\":\"ListItem\",\"position\":2,\"name\":\"Aviso legal\"}]},{\"@type\":\"WebSite\",\"@id\":\"https:\\\/\\\/www.hotel-lourdes-atrium.com\\\/es\\\/#website\",\"url\":\"https:\\\/\\\/www.hotel-lourdes-atrium.com\\\/es\\\/\",\"name\":\"H\u00f4tel Atrium Lourdes\",\"description\":\"\",\"potentialAction\":[{\"@type\":\"SearchAction\",\"target\":{\"@type\":\"EntryPoint\",\"urlTemplate\":\"https:\\\/\\\/www.hotel-lourdes-atrium.com\\\/es\\\/?s={search_term_string}\"},\"query-input\":{\"@type\":\"PropertyValueSpecification\",\"valueRequired\":true,\"valueName\":\"search_term_string\"}}],\"inLanguage\":\"es\"}]}<\/script>\n<!-- \/ Yoast SEO plugin. -->","yoast_head_json":{"title":"Aviso legal | H\u00f4tel Atrium Lourdes","description":"Consulte el aviso legal del H\u00f4tel Atrium en Lourdes: editor del sitio, informaci\u00f3n de alojamiento y condiciones de uso.","robots":{"index":"index","follow":"follow","max-snippet":"max-snippet:-1","max-image-preview":"max-image-preview:large","max-video-preview":"max-video-preview:-1"},"canonical":"https:\/\/www.hotel-lourdes-atrium.com\/es\/aviso-legal\/","og_locale":"es_ES","og_type":"article","og_title":"Aviso legal | H\u00f4tel Atrium Lourdes","og_description":"Consulte el aviso legal del H\u00f4tel Atrium en Lourdes: editor del sitio, informaci\u00f3n de alojamiento y condiciones de uso.","og_url":"https:\/\/www.hotel-lourdes-atrium.com\/es\/aviso-legal\/","og_site_name":"H\u00f4tel Atrium Lourdes","article_modified_time":"2026-02-07T11:20:13+00:00","twitter_card":"summary_large_image","twitter_misc":{"Tiempo de lectura":"2 minutos"},"schema":{"@context":"https:\/\/schema.org","@graph":[{"@type":"WebPage","@id":"https:\/\/www.hotel-lourdes-atrium.com\/es\/aviso-legal\/","url":"https:\/\/www.hotel-lourdes-atrium.com\/es\/aviso-legal\/","name":"Aviso legal | H\u00f4tel Atrium Lourdes","isPartOf":{"@id":"https:\/\/www.hotel-lourdes-atrium.com\/es\/#website"},"datePublished":"2023-02-16T16:11:55+00:00","dateModified":"2026-02-07T11:20:13+00:00","description":"Consulte el aviso legal del H\u00f4tel Atrium en Lourdes: editor del sitio, informaci\u00f3n de alojamiento y condiciones de uso.","breadcrumb":{"@id":"https:\/\/www.hotel-lourdes-atrium.com\/es\/aviso-legal\/#breadcrumb"},"inLanguage":"es","potentialAction":[{"@type":"ReadAction","target":["https:\/\/www.hotel-lourdes-atrium.com\/es\/aviso-legal\/"]}]},{"@type":"BreadcrumbList","@id":"https:\/\/www.hotel-lourdes-atrium.com\/es\/aviso-legal\/#breadcrumb","itemListElement":[{"@type":"ListItem","position":1,"name":"Home","item":"https:\/\/www.hotel-lourdes-atrium.com\/es\/"},{"@type":"ListItem","position":2,"name":"Aviso legal"}]},{"@type":"WebSite","@id":"https:\/\/www.hotel-lourdes-atrium.com\/es\/#website","url":"https:\/\/www.hotel-lourdes-atrium.com\/es\/","name":"H\u00f4tel Atrium Lourdes","description":"","potentialAction":[{"@type":"SearchAction","target":{"@type":"EntryPoint","urlTemplate":"https:\/\/www.hotel-lourdes-atrium.com\/es\/?s={search_term_string}"},"query-input":{"@type":"PropertyValueSpecification","valueRequired":true,"valueName":"search_term_string"}}],"inLanguage":"es"}]}},"jetpack_sharing_enabled":true,"_links":{"self":[{"href":"https:\/\/www.hotel-lourdes-atrium.com\/es\/wp-json\/wp\/v2\/pages\/6256","targetHints":{"allow":["GET"]}}],"collection":[{"href":"https:\/\/www.hotel-lourdes-atrium.com\/es\/wp-json\/wp\/v2\/pages"}],"about":[{"href":"https:\/\/www.hotel-lourdes-atrium.com\/es\/wp-json\/wp\/v2\/types\/page"}],"author":[{"embeddable":true,"href":"https:\/\/www.hotel-lourdes-atrium.com\/es\/wp-json\/wp\/v2\/users\/2"}],"replies":[{"embeddable":true,"href":"https:\/\/www.hotel-lourdes-atrium.com\/es\/wp-json\/wp\/v2\/comments?post=6256"}],"version-history":[{"count":3,"href":"https:\/\/www.hotel-lourdes-atrium.com\/es\/wp-json\/wp\/v2\/pages\/6256\/revisions"}],"predecessor-version":[{"id":6377,"href":"https:\/\/www.hotel-lourdes-atrium.com\/es\/wp-json\/wp\/v2\/pages\/6256\/revisions\/6377"}],"wp:attachment":[{"href":"https:\/\/www.hotel-lourdes-atrium.com\/es\/wp-json\/wp\/v2\/media?parent=6256"}],"curies":[{"name":"wp","href":"https:\/\/api.w.org\/{rel}","templated":true}]}}