{"id":6240,"date":"2023-02-16T17:06:25","date_gmt":"2023-02-16T16:06:25","guid":{"rendered":"https:\/\/www.hotel-lourdes-atrium.com\/?page_id=6240"},"modified":"2026-02-07T12:18:47","modified_gmt":"2026-02-07T11:18:47","slug":"contacto-y-acceso","status":"publish","type":"page","link":"https:\/\/www.hotel-lourdes-atrium.com\/es\/contacto-y-acceso\/","title":{"rendered":"Contacto y acceso"},"content":{"rendered":"\n<div class=\"wp-block-group alignfull block-contact-form\"><div class=\"wp-block-group__inner-container is-layout-constrained wp-block-group-is-layout-constrained\">\n<div class=\"wp-block-columns are-vertically-aligned-center is-layout-flex wp-container-core-columns-is-layout-9d6595d7 wp-block-columns-is-layout-flex\">\n<div class=\"wp-block-column is-vertically-aligned-center is-layout-flow wp-block-column-is-layout-flow\" style=\"flex-basis:70%\">\n<h2 class=\"wp-block-heading\">Cont\u00e1ctanos<\/h2>\n\n\n\n<p>Cont\u00e1ctenos para cualquier consulta. Estaremos encantados de responder a sus preguntas.<\/p>\n\n\n\n<div class=\"wp-block-contact-form-7-contact-form-selector\">\n<div class=\"wpcf7 no-js\" id=\"wpcf7-f6242-o1\" lang=\"fr-FR\" dir=\"ltr\" data-wpcf7-id=\"6242\">\n<div class=\"screen-reader-response\"><p role=\"status\" aria-live=\"polite\" aria-atomic=\"true\"><\/p> <ul><\/ul><\/div>\n<form action=\"\/es\/wp-json\/wp\/v2\/pages\/6240#wpcf7-f6242-o1\" method=\"post\" class=\"wpcf7-form init\" aria-label=\"Formulaire de contact\" novalidate=\"novalidate\" data-status=\"init\">\n<fieldset class=\"hidden-fields-container\"><input type=\"hidden\" name=\"_wpcf7\" value=\"6242\" \/><input type=\"hidden\" name=\"_wpcf7_version\" value=\"6.1.5\" \/><input type=\"hidden\" name=\"_wpcf7_locale\" value=\"fr_FR\" \/><input type=\"hidden\" name=\"_wpcf7_unit_tag\" value=\"wpcf7-f6242-o1\" \/><input type=\"hidden\" name=\"_wpcf7_container_post\" value=\"0\" \/><input type=\"hidden\" name=\"_wpcf7_posted_data_hash\" value=\"\" \/><input type=\"hidden\" name=\"_wpcf7_recaptcha_response\" value=\"\" \/>\n<\/fieldset>\n<div class=\"row g-0 g-md-3\">\n\t<div class=\"col-12 col-md-6\">\n\t\t<div class=\"mb-3\">\n\t\t\t<p><span class=\"wpcf7-form-control-wrap\" data-name=\"your-name\"><input size=\"40\" maxlength=\"400\" class=\"wpcf7-form-control wpcf7-text wpcf7-validates-as-required form-control\" aria-required=\"true\" aria-invalid=\"false\" placeholder=\"Apelidos *\" value=\"\" type=\"text\" name=\"your-name\" \/><\/span>\n\t\t\t<\/p>\n\t\t<\/div>\n\t<\/div>\n\t<div class=\"col-12 col-md-6\">\n\t\t<div class=\"mb-3\">\n\t\t\t<p><span class=\"wpcf7-form-control-wrap\" data-name=\"your-firstname\"><input size=\"40\" maxlength=\"400\" class=\"wpcf7-form-control wpcf7-text wpcf7-validates-as-required form-control\" aria-required=\"true\" aria-invalid=\"false\" placeholder=\"Nombre *\" value=\"\" type=\"text\" name=\"your-firstname\" \/><\/span>\n\t\t\t<\/p>\n\t\t<\/div>\n\t<\/div>\n<\/div>\n<div class=\"row g-0 g-md-3\">\n\t<div class=\"col-12 col-md-6\">\n\t\t<div class=\"mb-3\">\n\t\t\t<p><span class=\"wpcf7-form-control-wrap\" data-name=\"your-email\"><input size=\"40\" maxlength=\"400\" class=\"wpcf7-form-control wpcf7-email wpcf7-validates-as-required wpcf7-text wpcf7-validates-as-email form-control\" aria-required=\"true\" aria-invalid=\"false\" placeholder=\"Mail *\" value=\"\" type=\"email\" name=\"your-email\" \/><\/span>\n\t\t\t<\/p>\n\t\t<\/div>\n\t<\/div>\n\t<div class=\"col-12 col-md-6\">\n\t\t<div class=\"mb-3\">\n\t\t\t<p><span class=\"wpcf7-form-control-wrap\" data-name=\"your-phone\"><input size=\"40\" maxlength=\"400\" class=\"wpcf7-form-control wpcf7-tel wpcf7-validates-as-required wpcf7-text wpcf7-validates-as-tel form-control\" aria-required=\"true\" aria-invalid=\"false\" placeholder=\"Tel\u00e9fono *\" value=\"\" type=\"tel\" name=\"your-phone\" \/><\/span>\n\t\t\t<\/p>\n\t\t<\/div>\n\t<\/div>\n<\/div>\n<div class=\"row g-0 g-md-3\">\n\t<div class=\"col\">\n\t\t<div class=\"mb-3 select-wrapper\">\n\t\t\t<p><span class=\"wpcf7-form-control-wrap\" data-name=\"your-subject\"><select class=\"wpcf7-form-control wpcf7-select wpcf7-validates-as-required form-control\" aria-required=\"true\" aria-invalid=\"false\" name=\"your-subject\"><option value=\"Solicitud de informaci\u00f3n general\">Solicitud de informaci\u00f3n general<\/option><option value=\"Consulta sobre una reserva\">Consulta sobre una reserva<\/option><option value=\"Candidatura espont\u00e1nea\">Candidatura espont\u00e1nea<\/option><option value=\"Otra solicitud\">Otra solicitud<\/option><\/select><\/span>\n\t\t\t<\/p>\n\t\t<\/div>\n\t<\/div>\n<\/div>\n<div class=\"row g-0 g-md-3\">\n\t<div class=\"col contact_message\">\n\t\t<div class=\"mb-3\">\n\t\t\t<p><span class=\"wpcf7-form-control-wrap\" data-name=\"message\"><textarea cols=\"40\" rows=\"10\" maxlength=\"2000\" class=\"wpcf7-form-control wpcf7-textarea wpcf7-validates-as-required form-control\" aria-required=\"true\" aria-invalid=\"false\" placeholder=\"Vuestro mensaje *\" name=\"message\"><\/textarea><\/span>\n\t\t\t<\/p>\n\t\t<\/div>\n\t<\/div>\n<\/div>\n<div class=\"row g-0 g-md-3\">\n\t<div class=\"col\">\n\t\t<div class=\"mb-3\">\n\t\t\t<p><input class=\"wpcf7-form-control wpcf7-submit has-spinner form-control\" type=\"submit\" value=\"Enviar su solicitud\" \/>\n\t\t\t<\/p>\n\t\t<\/div>\n\t<\/div>\n<\/div><div class=\"wpcf7-response-output\" aria-hidden=\"true\"><\/div>\n<\/form>\n<\/div>\n<\/div>\n\n\n\n<p>Protection par&nbsp;reCAPTCHA. <a href=\"https:\/\/policies.google.com\/privacy\" target=\"_blank\" rel=\"noreferrer noopener\">Confidentialit\u00e9<\/a> &#8211; <a href=\"https:\/\/policies.google.com\/terms\" target=\"_blank\" rel=\"noreferrer noopener\">Conditions<\/a><\/p>\n<\/div>\n\n\n\n<div class=\"wp-block-column is-vertically-aligned-center infos-contact is-layout-flow wp-block-column-is-layout-flow\" style=\"flex-basis:30%\"><div class=\"wp-block-image is-style-default\">\n<figure class=\"aligncenter size-thumb-400-square is-resized\"><img data-recalc-dims=\"1\" loading=\"lazy\" decoding=\"async\" width=\"400\" height=\"400\" src=\"https:\/\/i0.wp.com\/www.hotel-lourdes-atrium.com\/wp-content\/uploads\/\/0044_DSC_4271-Photo-Studio-Derozier-Copie.jpg?resize=400%2C400&#038;ssl=1\" alt=\"\" class=\"wp-image-212\" style=\"width:500px;height:500px\" srcset=\"https:\/\/i0.wp.com\/www.hotel-lourdes-atrium.com\/wp-content\/uploads\/0044_DSC_4271-Photo-Studio-Derozier-Copie-scaled.jpg?resize=400%2C400&amp;ssl=1 400w, https:\/\/i0.wp.com\/www.hotel-lourdes-atrium.com\/wp-content\/uploads\/0044_DSC_4271-Photo-Studio-Derozier-Copie-scaled.jpg?resize=150%2C150&amp;ssl=1 150w, https:\/\/i0.wp.com\/www.hotel-lourdes-atrium.com\/wp-content\/uploads\/0044_DSC_4271-Photo-Studio-Derozier-Copie-scaled.jpg?resize=500%2C500&amp;ssl=1 500w, https:\/\/i0.wp.com\/www.hotel-lourdes-atrium.com\/wp-content\/uploads\/0044_DSC_4271-Photo-Studio-Derozier-Copie-scaled.jpg?zoom=2&amp;resize=400%2C400&amp;ssl=1 800w, https:\/\/i0.wp.com\/www.hotel-lourdes-atrium.com\/wp-content\/uploads\/0044_DSC_4271-Photo-Studio-Derozier-Copie-scaled.jpg?zoom=3&amp;resize=400%2C400&amp;ssl=1 1200w\" sizes=\"auto, (max-width: 400px) 100vw, 400px\" \/><\/figure>\n<\/div>\n\n\n<div class=\"wp-block-group\"><div class=\"wp-block-group__inner-container is-layout-constrained wp-block-group-is-layout-constrained\">\n<div class=\"wp-block-group is-content-justification-center is-nowrap is-layout-flex wp-container-core-group-is-layout-94bc23d7 wp-block-group-is-layout-flex\"><i class=\"sqk-icon-mobile \"><\/i>\n\n\n\n<p class=\"has-text-align-center\">Tel\u00e9fono : +33 5 62 94 27 28<\/p>\n<\/div>\n\n\n\n<div class=\"wp-block-group is-content-justification-center is-nowrap is-layout-flex wp-container-core-group-is-layout-94bc23d7 wp-block-group-is-layout-flex\"><i class=\"sqk-icon-position \"><\/i>\n\n\n\n<p class=\"has-text-align-center\">9 rue des P\u00e8lerins<br>65100 Lourdes<\/p>\n<\/div>\n<\/div><\/div>\n<\/div>\n<\/div>\n<\/div><\/div>\n\n\n\n<div class=\"wp-block-group alignfull come-to-hotel has-cream-background-color has-background\"><div class=\"wp-block-group__inner-container is-layout-constrained wp-block-group-is-layout-constrained\">\n<h3 class=\"wp-block-heading\">Llegando al Hotel Atrium<\/h3>\n\n\n\n<div class=\"wp-block-columns icons-line is-layout-flex wp-container-core-columns-is-layout-9d6595d7 wp-block-columns-is-layout-flex\">\n<div class=\"wp-block-column is-layout-flow wp-block-column-is-layout-flow\"><i class=\"sqk-icon-car-2 \"><\/i>\n\n\n\n<h4 class=\"wp-block-heading\">En coche<\/h4>\n\n\n\n<p>Autopista A64 direcci\u00f3n Toulouse-Bayonne<br>RN 117 desde Toulouse<br>Lourdes. 1,0 km<\/p>\n<\/div>\n\n\n\n<div class=\"wp-block-column is-layout-flow wp-block-column-is-layout-flow\"><i class=\"sqk-icon-plane \"><\/i>\n\n\n\n<h4 class=\"wp-block-heading\">En avi\u00f3n<\/h4>\n\n\n\n<p>Dos aeropuertos internacionales:<br>\u2022 Tarbes-Ossun-Lourdes (10 km)<br>\u2022 Pau-Uzein (40 km)<\/p>\n<\/div>\n\n\n\n<div class=\"wp-block-column is-layout-flow wp-block-column-is-layout-flow\"><i class=\"sqk-icon-train \"><\/i>\n\n\n\n<h4 class=\"wp-block-heading\">En tren<\/h4>\n\n\n\n<p>Par\u00eds v\u00eda Nantes y Burdeos<br>(TGV Atlantique: 5h)<br>Eje Ir\u00fan-Bayona-Lourdes-Toulouse, Lyon-Ginebra o Niza-G\u00e9nova<br>El hotel est\u00e1 a 5 minutos a pie del centro de la ciudad.<\/p>\n<\/div>\n<\/div>\n<\/div><\/div>\n","protected":false},"excerpt":{"rendered":"<p>Cont\u00e1ctanos Cont\u00e1ctenos para cualquier consulta. Estaremos encantados de responder a sus preguntas. Protection par&nbsp;reCAPTCHA. Confidentialit\u00e9 &#8211; Conditions Tel\u00e9fono : +33 5 62 94 27 28 9 rue des P\u00e8lerins65100 Lourdes Llegando al Hotel Atrium En coche Autopista A64 direcci\u00f3n Toulouse-BayonneRN 117 desde ToulouseLourdes. 1,0 km En avi\u00f3n Dos aeropuertos internacionales:\u2022 Tarbes-Ossun-Lourdes (10 km)\u2022 Pau-Uzein (40 [&hellip;]<\/p>\n","protected":false},"author":2,"featured_media":0,"parent":0,"menu_order":0,"comment_status":"closed","ping_status":"closed","template":"","meta":{"footnotes":""},"class_list":["post-6240","page","type-page","status-publish","hentry"],"yoast_head":"<!-- This site is optimized with the Yoast SEO plugin v27.5 - https:\/\/yoast.com\/product\/yoast-seo-wordpress\/ -->\n<title>Contacto y acceso H\u00f4tel Atrium Lourdes | Encu\u00e9ntrenos f\u00e1cilmente<\/title>\n<meta name=\"description\" content=\"Contacte con H\u00f4tel Atrium en Lourdes: informaci\u00f3n, acceso a pie o en coche, datos pr\u00e1cticos y respuestas r\u00e1pidas para organizar su estancia.\" \/>\n<meta name=\"robots\" content=\"index, follow, max-snippet:-1, max-image-preview:large, max-video-preview:-1\" \/>\n<link rel=\"canonical\" href=\"https:\/\/www.hotel-lourdes-atrium.com\/es\/contacto-y-acceso\/\" \/>\n<meta property=\"og:locale\" content=\"es_ES\" \/>\n<meta property=\"og:type\" content=\"article\" \/>\n<meta property=\"og:title\" content=\"Contacto y acceso H\u00f4tel Atrium Lourdes | Encu\u00e9ntrenos f\u00e1cilmente\" \/>\n<meta property=\"og:description\" content=\"Contacte con H\u00f4tel Atrium en Lourdes: informaci\u00f3n, acceso a pie o en coche, datos pr\u00e1cticos y respuestas r\u00e1pidas para organizar su estancia.\" \/>\n<meta property=\"og:url\" content=\"https:\/\/www.hotel-lourdes-atrium.com\/es\/contacto-y-acceso\/\" \/>\n<meta property=\"og:site_name\" content=\"H\u00f4tel Atrium Lourdes\" \/>\n<meta property=\"article:modified_time\" content=\"2026-02-07T11:18:47+00:00\" \/>\n<meta property=\"og:image\" content=\"https:\/\/www.hotel-lourdes-atrium.com\/wp-content\/uploads\/\/0044_DSC_4271-Photo-Studio-Derozier-Copie-400x400.jpg\" \/>\n<meta name=\"twitter:card\" content=\"summary_large_image\" \/>\n<meta name=\"twitter:label1\" content=\"Tiempo de lectura\" \/>\n\t<meta name=\"twitter:data1\" content=\"1 minuto\" \/>\n<script type=\"application\/ld+json\" class=\"yoast-schema-graph\">{\"@context\":\"https:\\\/\\\/schema.org\",\"@graph\":[{\"@type\":\"WebPage\",\"@id\":\"https:\\\/\\\/www.hotel-lourdes-atrium.com\\\/es\\\/contacto-y-acceso\\\/\",\"url\":\"https:\\\/\\\/www.hotel-lourdes-atrium.com\\\/es\\\/contacto-y-acceso\\\/\",\"name\":\"Contacto y acceso H\u00f4tel Atrium Lourdes | Encu\u00e9ntrenos f\u00e1cilmente\",\"isPartOf\":{\"@id\":\"https:\\\/\\\/www.hotel-lourdes-atrium.com\\\/es\\\/#website\"},\"primaryImageOfPage\":{\"@id\":\"https:\\\/\\\/www.hotel-lourdes-atrium.com\\\/es\\\/contacto-y-acceso\\\/#primaryimage\"},\"image\":{\"@id\":\"https:\\\/\\\/www.hotel-lourdes-atrium.com\\\/es\\\/contacto-y-acceso\\\/#primaryimage\"},\"thumbnailUrl\":\"https:\\\/\\\/www.hotel-lourdes-atrium.com\\\/wp-content\\\/uploads\\\/\\\/0044_DSC_4271-Photo-Studio-Derozier-Copie-400x400.jpg\",\"datePublished\":\"2023-02-16T16:06:25+00:00\",\"dateModified\":\"2026-02-07T11:18:47+00:00\",\"description\":\"Contacte con H\u00f4tel Atrium en Lourdes: informaci\u00f3n, acceso a pie o en coche, datos pr\u00e1cticos y respuestas r\u00e1pidas para organizar su estancia.\",\"breadcrumb\":{\"@id\":\"https:\\\/\\\/www.hotel-lourdes-atrium.com\\\/es\\\/contacto-y-acceso\\\/#breadcrumb\"},\"inLanguage\":\"es\",\"potentialAction\":[{\"@type\":\"ReadAction\",\"target\":[\"https:\\\/\\\/www.hotel-lourdes-atrium.com\\\/es\\\/contacto-y-acceso\\\/\"]}]},{\"@type\":\"ImageObject\",\"inLanguage\":\"es\",\"@id\":\"https:\\\/\\\/www.hotel-lourdes-atrium.com\\\/es\\\/contacto-y-acceso\\\/#primaryimage\",\"url\":\"https:\\\/\\\/www.hotel-lourdes-atrium.com\\\/wp-content\\\/uploads\\\/\\\/0044_DSC_4271-Photo-Studio-Derozier-Copie-400x400.jpg\",\"contentUrl\":\"https:\\\/\\\/www.hotel-lourdes-atrium.com\\\/wp-content\\\/uploads\\\/\\\/0044_DSC_4271-Photo-Studio-Derozier-Copie-400x400.jpg\"},{\"@type\":\"BreadcrumbList\",\"@id\":\"https:\\\/\\\/www.hotel-lourdes-atrium.com\\\/es\\\/contacto-y-acceso\\\/#breadcrumb\",\"itemListElement\":[{\"@type\":\"ListItem\",\"position\":1,\"name\":\"Home\",\"item\":\"https:\\\/\\\/www.hotel-lourdes-atrium.com\\\/es\\\/\"},{\"@type\":\"ListItem\",\"position\":2,\"name\":\"Contacto y acceso\"}]},{\"@type\":\"WebSite\",\"@id\":\"https:\\\/\\\/www.hotel-lourdes-atrium.com\\\/es\\\/#website\",\"url\":\"https:\\\/\\\/www.hotel-lourdes-atrium.com\\\/es\\\/\",\"name\":\"H\u00f4tel Atrium Lourdes\",\"description\":\"\",\"potentialAction\":[{\"@type\":\"SearchAction\",\"target\":{\"@type\":\"EntryPoint\",\"urlTemplate\":\"https:\\\/\\\/www.hotel-lourdes-atrium.com\\\/es\\\/?s={search_term_string}\"},\"query-input\":{\"@type\":\"PropertyValueSpecification\",\"valueRequired\":true,\"valueName\":\"search_term_string\"}}],\"inLanguage\":\"es\"}]}<\/script>\n<!-- \/ Yoast SEO plugin. -->","yoast_head_json":{"title":"Contacto y acceso H\u00f4tel Atrium Lourdes | Encu\u00e9ntrenos f\u00e1cilmente","description":"Contacte con H\u00f4tel Atrium en Lourdes: informaci\u00f3n, acceso a pie o en coche, datos pr\u00e1cticos y respuestas r\u00e1pidas para organizar su estancia.","robots":{"index":"index","follow":"follow","max-snippet":"max-snippet:-1","max-image-preview":"max-image-preview:large","max-video-preview":"max-video-preview:-1"},"canonical":"https:\/\/www.hotel-lourdes-atrium.com\/es\/contacto-y-acceso\/","og_locale":"es_ES","og_type":"article","og_title":"Contacto y acceso H\u00f4tel Atrium Lourdes | Encu\u00e9ntrenos f\u00e1cilmente","og_description":"Contacte con H\u00f4tel Atrium en Lourdes: informaci\u00f3n, acceso a pie o en coche, datos pr\u00e1cticos y respuestas r\u00e1pidas para organizar su estancia.","og_url":"https:\/\/www.hotel-lourdes-atrium.com\/es\/contacto-y-acceso\/","og_site_name":"H\u00f4tel Atrium Lourdes","article_modified_time":"2026-02-07T11:18:47+00:00","og_image":[{"url":"https:\/\/www.hotel-lourdes-atrium.com\/wp-content\/uploads\/\/0044_DSC_4271-Photo-Studio-Derozier-Copie-400x400.jpg","type":"","width":"","height":""}],"twitter_card":"summary_large_image","twitter_misc":{"Tiempo de lectura":"1 minuto"},"schema":{"@context":"https:\/\/schema.org","@graph":[{"@type":"WebPage","@id":"https:\/\/www.hotel-lourdes-atrium.com\/es\/contacto-y-acceso\/","url":"https:\/\/www.hotel-lourdes-atrium.com\/es\/contacto-y-acceso\/","name":"Contacto y acceso H\u00f4tel Atrium Lourdes | Encu\u00e9ntrenos f\u00e1cilmente","isPartOf":{"@id":"https:\/\/www.hotel-lourdes-atrium.com\/es\/#website"},"primaryImageOfPage":{"@id":"https:\/\/www.hotel-lourdes-atrium.com\/es\/contacto-y-acceso\/#primaryimage"},"image":{"@id":"https:\/\/www.hotel-lourdes-atrium.com\/es\/contacto-y-acceso\/#primaryimage"},"thumbnailUrl":"https:\/\/www.hotel-lourdes-atrium.com\/wp-content\/uploads\/\/0044_DSC_4271-Photo-Studio-Derozier-Copie-400x400.jpg","datePublished":"2023-02-16T16:06:25+00:00","dateModified":"2026-02-07T11:18:47+00:00","description":"Contacte con H\u00f4tel Atrium en Lourdes: informaci\u00f3n, acceso a pie o en coche, datos pr\u00e1cticos y respuestas r\u00e1pidas para organizar su estancia.","breadcrumb":{"@id":"https:\/\/www.hotel-lourdes-atrium.com\/es\/contacto-y-acceso\/#breadcrumb"},"inLanguage":"es","potentialAction":[{"@type":"ReadAction","target":["https:\/\/www.hotel-lourdes-atrium.com\/es\/contacto-y-acceso\/"]}]},{"@type":"ImageObject","inLanguage":"es","@id":"https:\/\/www.hotel-lourdes-atrium.com\/es\/contacto-y-acceso\/#primaryimage","url":"https:\/\/www.hotel-lourdes-atrium.com\/wp-content\/uploads\/\/0044_DSC_4271-Photo-Studio-Derozier-Copie-400x400.jpg","contentUrl":"https:\/\/www.hotel-lourdes-atrium.com\/wp-content\/uploads\/\/0044_DSC_4271-Photo-Studio-Derozier-Copie-400x400.jpg"},{"@type":"BreadcrumbList","@id":"https:\/\/www.hotel-lourdes-atrium.com\/es\/contacto-y-acceso\/#breadcrumb","itemListElement":[{"@type":"ListItem","position":1,"name":"Home","item":"https:\/\/www.hotel-lourdes-atrium.com\/es\/"},{"@type":"ListItem","position":2,"name":"Contacto y acceso"}]},{"@type":"WebSite","@id":"https:\/\/www.hotel-lourdes-atrium.com\/es\/#website","url":"https:\/\/www.hotel-lourdes-atrium.com\/es\/","name":"H\u00f4tel Atrium Lourdes","description":"","potentialAction":[{"@type":"SearchAction","target":{"@type":"EntryPoint","urlTemplate":"https:\/\/www.hotel-lourdes-atrium.com\/es\/?s={search_term_string}"},"query-input":{"@type":"PropertyValueSpecification","valueRequired":true,"valueName":"search_term_string"}}],"inLanguage":"es"}]}},"jetpack_sharing_enabled":true,"_links":{"self":[{"href":"https:\/\/www.hotel-lourdes-atrium.com\/es\/wp-json\/wp\/v2\/pages\/6240","targetHints":{"allow":["GET"]}}],"collection":[{"href":"https:\/\/www.hotel-lourdes-atrium.com\/es\/wp-json\/wp\/v2\/pages"}],"about":[{"href":"https:\/\/www.hotel-lourdes-atrium.com\/es\/wp-json\/wp\/v2\/types\/page"}],"author":[{"embeddable":true,"href":"https:\/\/www.hotel-lourdes-atrium.com\/es\/wp-json\/wp\/v2\/users\/2"}],"replies":[{"embeddable":true,"href":"https:\/\/www.hotel-lourdes-atrium.com\/es\/wp-json\/wp\/v2\/comments?post=6240"}],"version-history":[{"count":4,"href":"https:\/\/www.hotel-lourdes-atrium.com\/es\/wp-json\/wp\/v2\/pages\/6240\/revisions"}],"predecessor-version":[{"id":6376,"href":"https:\/\/www.hotel-lourdes-atrium.com\/es\/wp-json\/wp\/v2\/pages\/6240\/revisions\/6376"}],"wp:attachment":[{"href":"https:\/\/www.hotel-lourdes-atrium.com\/es\/wp-json\/wp\/v2\/media?parent=6240"}],"curies":[{"name":"wp","href":"https:\/\/api.w.org\/{rel}","templated":true}]}}