{"id":6228,"date":"2023-02-16T17:05:39","date_gmt":"2023-02-16T16:05:39","guid":{"rendered":"https:\/\/www.hotel-lourdes-atrium.com\/?page_id=6228"},"modified":"2026-02-07T12:15:19","modified_gmt":"2026-02-07T11:15:19","slug":"alojamiento","status":"publish","type":"page","link":"https:\/\/www.hotel-lourdes-atrium.com\/es\/alojamiento\/","title":{"rendered":"Alojamiento"},"content":{"rendered":"\n<div class=\"wp-block-group alignfull larger-grid more-spacing has-cream-background-color has-background\"><div class=\"wp-block-group__inner-container is-layout-constrained wp-block-group-is-layout-constrained\">\n<h2 class=\"wp-block-heading\">Nuestras habitaciones en Lourdes, cerca de la Gruta<\/h2>\n\n\n\n<div class=\"wp-block-columns is-layout-flex wp-container-core-columns-is-layout-9d6595d7 wp-block-columns-is-layout-flex\">\n<div class=\"wp-block-column is-layout-flow wp-block-column-is-layout-flow\">\n<p>El hotel dispone de 46 habitaciones. Ninguna de ellas es accesible para personas con movilidad reducida.<\/p>\n\n\n\n<p>Las habitaciones del Hotel Atrium de Lourdes son c\u00f3modas y elegantes, ideales para descansar y relajarse tras un d\u00eda de turismo o trabajo. Son espaciosas y est\u00e1n bien equipadas, con una decoraci\u00f3n moderna y colores suaves que crean un ambiente relajante.<\/p>\n<\/div>\n\n\n\n<div class=\"wp-block-column is-layout-flow wp-block-column-is-layout-flow\">\n<p>Todas las habitaciones est\u00e1n equipadas con comodidades modernas, como aire acondicionado, TV de pantalla plana y conexi\u00f3n WiFi gratuita, y cuentan con ba\u00f1o privado con art\u00edculos de aseo.<\/p>\n\n\n\n<p>Algunas habitaciones ofrecen vistas a las monta\u00f1as circundantes, creando un ambiente a\u00fan m\u00e1s agradable.<\/p>\n<\/div>\n<\/div>\n\n\n\n<div class=\"wp-block-columns icons-line is-layout-flex wp-container-core-columns-is-layout-9d6595d7 wp-block-columns-is-layout-flex\">\n<div class=\"wp-block-column is-layout-flow wp-block-column-is-layout-flow\"><i class=\"sqk-icon-wifi \"><\/i>\n\n\n\n<h3 class=\"wp-block-heading\">WiFi gratis <\/h3>\n<\/div>\n\n\n\n<div class=\"wp-block-column is-layout-flow wp-block-column-is-layout-flow\"><i class=\"sqk-icon-tv \"><\/i>\n\n\n\n<h3 class=\"wp-block-heading\">Televisi\u00f3n por sat\u00e9lite<\/h3>\n<\/div>\n\n\n\n<div class=\"wp-block-column is-layout-flow wp-block-column-is-layout-flow\"><i class=\"sqk-icon-air-conditioner \"><\/i>\n\n\n\n<h3 class=\"wp-block-heading\">Aire acondicionado<\/h3>\n<\/div>\n\n\n\n<div class=\"wp-block-column is-layout-flow wp-block-column-is-layout-flow\"><i class=\"sqk-icon-hair-dryer \"><\/i>\n\n\n\n<h3 class=\"wp-block-heading\">Secador de pelo<\/h3>\n<\/div>\n\n\n\n<div class=\"wp-block-column is-layout-flow wp-block-column-is-layout-flow\"><i class=\"sqk-icon-desk-alt \"><\/i>\n\n\n\n<h3 class=\"wp-block-heading\">Escritorio<\/h3>\n<\/div>\n\n\n\n<div class=\"wp-block-column is-layout-flow wp-block-column-is-layout-flow\"><i class=\"sqk-icon-wardrobe \"><\/i>\n\n\n\n<h3 class=\"wp-block-heading\">Armario<\/h3>\n<\/div>\n<\/div>\n<\/div><\/div>\n\n\n\n<div class=\"wp-block-group\"><div class=\"wp-block-group__inner-container is-layout-constrained wp-block-group-is-layout-constrained\">    <section class=\"room_types-list alignfull\">\n                    \n<div id=\"habitacion-clasica-doble-o-twin\" data-id=\"6250\" class=\"room_type-item is-layout-flex wp-block-columns main-content-cols larger-grid img-left\">\n    <div class=\"is-layout-flow wp-block-column\">\n                                        <div class=\"slider\">\n                                                        <a class=\"img\" href=\"https:\/\/i0.wp.com\/www.hotel-lourdes-atrium.com\/wp-content\/uploads\/0033_DSC_4207-Photo-Studio-Derozier-Copie-scaled.jpg?fit=2048%2C1152&ssl=1\" data-caption=\"Chambre Double ou Twin Classique - H\u00f4tel Atrium\">\n                                                    <img decoding=\"async\" src=\"https:\/\/i0.wp.com\/www.hotel-lourdes-atrium.com\/wp-content\/uploads\/0033_DSC_4207-Photo-Studio-Derozier-Copie-scaled.jpg?fit=1536%2C864&ssl=1\" alt=\"Chambre Double ou Twin Classique - H\u00f4tel Atrium\" \/>\n                                            <\/a>\n                                                        <a class=\"img\" href=\"https:\/\/i0.wp.com\/www.hotel-lourdes-atrium.com\/wp-content\/uploads\/0035_DSC_4218-Photo-Studio-Derozier-Copie-scaled.jpg?fit=2048%2C1152&ssl=1\" data-caption=\"Chambre Double ou Twin Sup\u00e9rieure - H\u00f4tel Atrium\">\n                                            <\/a>\n                                                        <a class=\"img\" href=\"https:\/\/i0.wp.com\/www.hotel-lourdes-atrium.com\/wp-content\/uploads\/0004_DSC_4156-Photo-Studio-Derozier-Copie-scaled.jpg?fit=1367%2C2048&ssl=1\" data-caption=\"Salle de bain - H\u00f4tel Atrium Lourdes\">\n                                            <\/a>\n                                                        <a class=\"img\" href=\"https:\/\/i0.wp.com\/www.hotel-lourdes-atrium.com\/wp-content\/uploads\/0006_DSC_4177-Photo-Studio-Derozier-Copie-scaled.jpg?fit=1367%2C2048&ssl=1\" data-caption=\"Salle de bain - H\u00f4tel Atrium Lourdes\">\n                                            <\/a>\n                                <a href=\"#\" class=\"view-all-btn\"><i class=\"sqk-icon-size-alt \"><\/i>\t<\/a>\n            <\/div>\n            <\/div>\n\n    <div class=\"is-layout-flow wp-block-column col-text\">\n        <h2>Habitaci\u00f3n Cl\u00e1sica Doble o Twin<\/h2>\n\n        <ul class=\"equipments\">\n                            <li class=\"users-1\" title=\"Occupancy\">2<\/li>\n                                        <li class=\"area\" title=\"Area\">15 m\u00b2<\/li>\n                           \n                                            <\/ul>\n\n        Nuestras habitaciones cl\u00e1sicas, tranquilas y relajantes, ofrecen un agradable confort, con vistas a la monta\u00f1a.\r\n\r\nRopa de cama: 1 cama doble o 2 camas individuales.\n\n                    <div class=\"is-layout-flex wp-block-buttons\">\n                <div class=\"wp-block-button\"><a href=\"https:\/\/atrium.thais-hotel.com\/direct-booking\/calendar&lang=es\" target=\"_blank\" class=\"wp-block-button__link book\">Reservo<\/a><\/div>\n            <\/div>\n            <\/div>\n<\/div>                    \n<div id=\"habitacion-doble-superior-o-twin\" data-id=\"6252\" class=\"room_type-item is-layout-flex wp-block-columns main-content-cols larger-grid img-right\">\n    <div class=\"is-layout-flow wp-block-column\">\n                                        <div class=\"slider\">\n                                                        <a class=\"img\" href=\"https:\/\/i0.wp.com\/www.hotel-lourdes-atrium.com\/wp-content\/uploads\/0036_DSC_4233-Photo-Studio-Derozier-Copie-scaled.jpg?fit=2048%2C1152&ssl=1\" data-caption=\"Chambre Double ou Twin Sup\u00e9rieure - H\u00f4tel Atrium\">\n                                                    <img decoding=\"async\" src=\"https:\/\/i0.wp.com\/www.hotel-lourdes-atrium.com\/wp-content\/uploads\/0036_DSC_4233-Photo-Studio-Derozier-Copie-scaled.jpg?fit=1536%2C864&ssl=1\" alt=\"Chambre Double ou Twin Sup\u00e9rieure - H\u00f4tel Atrium\" \/>\n                                            <\/a>\n                                                        <a class=\"img\" href=\"https:\/\/i0.wp.com\/www.hotel-lourdes-atrium.com\/wp-content\/uploads\/0012_DSC_4214-Photo-Studio-Derozier-Copie-scaled.jpg?fit=2048%2C1368&ssl=1\" data-caption=\"Chambre - H\u00f4tel Atrium Lourdes\">\n                                            <\/a>\n                                                        <a class=\"img\" href=\"https:\/\/i0.wp.com\/www.hotel-lourdes-atrium.com\/wp-content\/uploads\/0032_DSC_4191-Photo-Studio-Derozier-Copie-scaled.jpg?fit=2048%2C1152&ssl=1\" data-caption=\"Chambre Double ou Twin Sup\u00e9rieure - H\u00f4tel Atrium\">\n                                            <\/a>\n                                                        <a class=\"img\" href=\"https:\/\/i0.wp.com\/www.hotel-lourdes-atrium.com\/wp-content\/uploads\/0004_DSC_4156-Photo-Studio-Derozier-Copie-scaled.jpg?fit=1367%2C2048&ssl=1\" data-caption=\"Salle de bain - H\u00f4tel Atrium Lourdes\">\n                                            <\/a>\n                                                        <a class=\"img\" href=\"https:\/\/i0.wp.com\/www.hotel-lourdes-atrium.com\/wp-content\/uploads\/0006_DSC_4177-Photo-Studio-Derozier-Copie-scaled.jpg?fit=1367%2C2048&ssl=1\" data-caption=\"Salle de bain - H\u00f4tel Atrium Lourdes\">\n                                            <\/a>\n                                <a href=\"#\" class=\"view-all-btn\"><i class=\"sqk-icon-size-alt \"><\/i>\t<\/a>\n            <\/div>\n            <\/div>\n\n    <div class=\"is-layout-flow wp-block-column col-text\">\n        <h2>Habitaci\u00f3n Doble Superior o Twin<\/h2>\n\n        <ul class=\"equipments\">\n                            <li class=\"users-1\" title=\"Occupancy\">2<\/li>\n                                        <li class=\"area\" title=\"Area\">13 m\u00b2<\/li>\n                           \n                                            <\/ul>\n\n        <p>Nuestras espaciosas habitaciones superiores, que ofrecen todo el confort necesario, son ideales para una estancia en pareja, con vistas a la monta\u00f1a.<\/p>\n<p>Ropa de cama: 1 cama doble o 2 camas individuales<\/p>\n<p>Algunas de nuestras Habitaciones Superiores tienen capacidad para dos adultos, un ni\u00f1o o un beb\u00e9 menor de 2 a\u00f1os. Podemos proporcionar una cama suplementaria o una cuna gratuita previa solicitud.<\/p>\n\n\n                    <div class=\"is-layout-flex wp-block-buttons\">\n                <div class=\"wp-block-button\"><a href=\"https:\/\/atrium.thais-hotel.com\/direct-booking\/calendar&lang=es\" target=\"_blank\" class=\"wp-block-button__link book\">Reservo<\/a><\/div>\n            <\/div>\n            <\/div>\n<\/div>                    \n<div id=\"habitacion-doble-o-twin-con-vistas-al-castillo\" data-id=\"6254\" class=\"room_type-item is-layout-flex wp-block-columns main-content-cols larger-grid img-left\">\n    <div class=\"is-layout-flow wp-block-column\">\n                                        <div class=\"slider\">\n                                                        <a class=\"img\" href=\"https:\/\/i0.wp.com\/www.hotel-lourdes-atrium.com\/wp-content\/uploads\/0029_DSC_4118-Photo-Studio-Derozier-Copie-scaled.jpg?fit=2048%2C1152&ssl=1\" data-caption=\"Chambre Double ou Twin Vue sur Ch\u00e2teau - H\u00f4tel Atrium\">\n                                                    <img decoding=\"async\" src=\"https:\/\/i0.wp.com\/www.hotel-lourdes-atrium.com\/wp-content\/uploads\/0029_DSC_4118-Photo-Studio-Derozier-Copie-scaled.jpg?fit=1536%2C864&ssl=1\" alt=\"Chambre Double ou Twin Vue sur Ch\u00e2teau - H\u00f4tel Atrium\" \/>\n                                            <\/a>\n                                                        <a class=\"img\" href=\"https:\/\/i0.wp.com\/www.hotel-lourdes-atrium.com\/wp-content\/uploads\/0002_DSC_4133-Photo-Studio-Derozier-Copie-scaled.jpg?fit=2048%2C1367&ssl=1\" data-caption=\"Chambre Double ou Twin Vue sur Ch\u00e2teau - H\u00f4tel Atrium Lourdes\">\n                                            <\/a>\n                                                        <a class=\"img\" href=\"https:\/\/i0.wp.com\/www.hotel-lourdes-atrium.com\/wp-content\/uploads\/0004_DSC_4156-Photo-Studio-Derozier-Copie-scaled.jpg?fit=1367%2C2048&ssl=1\" data-caption=\"Salle de bain - H\u00f4tel Atrium Lourdes\">\n                                            <\/a>\n                                                        <a class=\"img\" href=\"https:\/\/i0.wp.com\/www.hotel-lourdes-atrium.com\/wp-content\/uploads\/0006_DSC_4177-Photo-Studio-Derozier-Copie-scaled.jpg?fit=1367%2C2048&ssl=1\" data-caption=\"Salle de bain - H\u00f4tel Atrium Lourdes\">\n                                            <\/a>\n                                <a href=\"#\" class=\"view-all-btn\"><i class=\"sqk-icon-size-alt \"><\/i>\t<\/a>\n            <\/div>\n            <\/div>\n\n    <div class=\"is-layout-flow wp-block-column col-text\">\n        <h2>Habitaci\u00f3n doble o twin con vistas al castillo<\/h2>\n\n        <ul class=\"equipments\">\n                            <li class=\"users-1\" title=\"Occupancy\">2<\/li>\n                                        <li class=\"area\" title=\"Area\">16 m\u00b2<\/li>\n                           \n                                            <\/ul>\n\n        <p>Nuestras habitaciones con vistas son espaciosas y algunas son ideales para familias. Ofrecen impresionantes vistas al Castillo de Lourdes y menaje para preparar t\u00e9 y caf\u00e9 en la habitaci\u00f3n.<\/p>\n<p>Ropa de cama: 1 cama doble grande o 2 camas individuales<\/p>\n<p>Tienen capacidad para dos adultos, un ni\u00f1o o un beb\u00e9 menor de 2 a\u00f1os. Si lo solicita, podemos proporcionarle una cama suplementaria o una cuna gratuita<\/p>\n\n\n                    <div class=\"is-layout-flex wp-block-buttons\">\n                <div class=\"wp-block-button\"><a href=\"https:\/\/atrium.thais-hotel.com\/direct-booking\/calendar&lang=es\" target=\"_blank\" class=\"wp-block-button__link book\">Reservo<\/a><\/div>\n            <\/div>\n            <\/div>\n<\/div>                    \n<div id=\"chambre-familiale\" data-id=\"6247\" class=\"room_type-item is-layout-flex wp-block-columns main-content-cols larger-grid img-right\">\n    <div class=\"is-layout-flow wp-block-column\">\n                                        <div class=\"slider\">\n                                                        <a class=\"img\" href=\"https:\/\/i0.wp.com\/www.hotel-lourdes-atrium.com\/wp-content\/uploads\/0008_DSC_4178-Photo-Studio-Derozier-Copie-scaled.jpg?fit=2048%2C1367&ssl=1\" data-caption=\"Chambre Familiale - H\u00f4tel Atrium Lourdes\">\n                                                    <img decoding=\"async\" src=\"https:\/\/i0.wp.com\/www.hotel-lourdes-atrium.com\/wp-content\/uploads\/0008_DSC_4178-Photo-Studio-Derozier-Copie-scaled.jpg?fit=1536%2C1026&ssl=1\" alt=\"Chambre Familiale - H\u00f4tel Atrium Lourdes\" \/>\n                                            <\/a>\n                                                        <a class=\"img\" href=\"https:\/\/i0.wp.com\/www.hotel-lourdes-atrium.com\/wp-content\/uploads\/0009_DSC_4183-Photo-Studio-Derozier-Copie-scaled.jpg?fit=2048%2C1367&ssl=1\" data-caption=\"Chambre Familiale - H\u00f4tel Atrium Lourdes\">\n                                            <\/a>\n                                                        <a class=\"img\" href=\"https:\/\/i0.wp.com\/www.hotel-lourdes-atrium.com\/wp-content\/uploads\/0004_DSC_4156-Photo-Studio-Derozier-Copie-scaled.jpg?fit=1367%2C2048&ssl=1\" data-caption=\"Salle de bain - H\u00f4tel Atrium Lourdes\">\n                                            <\/a>\n                                                        <a class=\"img\" href=\"https:\/\/i0.wp.com\/www.hotel-lourdes-atrium.com\/wp-content\/uploads\/0006_DSC_4177-Photo-Studio-Derozier-Copie-scaled.jpg?fit=1367%2C2048&ssl=1\" data-caption=\"Salle de bain - H\u00f4tel Atrium Lourdes\">\n                                            <\/a>\n                                <a href=\"#\" class=\"view-all-btn\"><i class=\"sqk-icon-size-alt \"><\/i>\t<\/a>\n            <\/div>\n            <\/div>\n\n    <div class=\"is-layout-flow wp-block-column col-text\">\n        <h2>Habitaci\u00f3n familiar<\/h2>\n\n        <ul class=\"equipments\">\n                            <li class=\"users-1\" title=\"Occupancy\">3<\/li>\n                                        <li class=\"area\" title=\"Area\">27 m\u00b2<\/li>\n                           \n                                            <\/ul>\n\n        <p>Nuestras habitaciones familiares, las m\u00e1s espaciosas del hotel, son ideales para alojar hasta 3 personas, con vistas a la monta\u00f1a.<\/p>\n<p>Ropa de cama: 1 cama doble grande + 2 camas individuales o 3 camas individuales<\/p>\n<p>Tienen capacidad para dos adultos, un ni\u00f1o y un beb\u00e9 menor de 2 a\u00f1os. Si lo solicita, podemos proporcionarle una cama suplementaria o una cuna gratuita.<\/p>\n\n\n                    <div class=\"is-layout-flex wp-block-buttons\">\n                <div class=\"wp-block-button\"><a href=\"https:\/\/atrium.thais-hotel.com\/direct-booking\/calendar&lang=es\" target=\"_blank\" class=\"wp-block-button__link book\">Reservo<\/a><\/div>\n            <\/div>\n            <\/div>\n<\/div>            <\/section>\n\n<\/div><\/div>\n","protected":false},"excerpt":{"rendered":"<p>Nuestras habitaciones en Lourdes, cerca de la Gruta El hotel dispone de 46 habitaciones. Ninguna de ellas es accesible para personas con movilidad reducida. Las habitaciones del Hotel Atrium de Lourdes son c\u00f3modas y elegantes, ideales para descansar y relajarse tras un d\u00eda de turismo o trabajo. Son espaciosas y est\u00e1n bien equipadas, con una [&hellip;]<\/p>\n","protected":false},"author":2,"featured_media":0,"parent":0,"menu_order":0,"comment_status":"closed","ping_status":"closed","template":"","meta":{"footnotes":""},"class_list":["post-6228","page","type-page","status-publish","hentry"],"yoast_head":"<!-- This site is optimized with the Yoast SEO plugin v27.5 - https:\/\/yoast.com\/product\/yoast-seo-wordpress\/ -->\n<title>Habitaciones espaciosas y confortables en Lourdes | H\u00f4tel Atrium<\/title>\n<meta name=\"description\" content=\"Descubra las habitaciones renovadas del H\u00f4tel Atrium en Lourdes: confort moderno, bien equipadas y cerca de la Gruta.\" \/>\n<meta name=\"robots\" content=\"index, follow, max-snippet:-1, max-image-preview:large, max-video-preview:-1\" \/>\n<link rel=\"canonical\" href=\"https:\/\/www.hotel-lourdes-atrium.com\/es\/alojamiento\/\" \/>\n<meta property=\"og:locale\" content=\"es_ES\" \/>\n<meta property=\"og:type\" content=\"article\" \/>\n<meta property=\"og:title\" content=\"Habitaciones espaciosas y confortables en Lourdes | H\u00f4tel Atrium\" \/>\n<meta property=\"og:description\" content=\"Descubra las habitaciones renovadas del H\u00f4tel Atrium en Lourdes: confort moderno, bien equipadas y cerca de la Gruta.\" \/>\n<meta property=\"og:url\" content=\"https:\/\/www.hotel-lourdes-atrium.com\/es\/alojamiento\/\" \/>\n<meta property=\"og:site_name\" content=\"H\u00f4tel Atrium Lourdes\" \/>\n<meta property=\"article:modified_time\" content=\"2026-02-07T11:15:19+00:00\" \/>\n<meta name=\"twitter:card\" content=\"summary_large_image\" \/>\n<meta name=\"twitter:label1\" content=\"Tiempo de lectura\" \/>\n\t<meta name=\"twitter:data1\" content=\"1 minuto\" \/>\n<script type=\"application\/ld+json\" class=\"yoast-schema-graph\">{\"@context\":\"https:\\\/\\\/schema.org\",\"@graph\":[{\"@type\":\"WebPage\",\"@id\":\"https:\\\/\\\/www.hotel-lourdes-atrium.com\\\/es\\\/alojamiento\\\/\",\"url\":\"https:\\\/\\\/www.hotel-lourdes-atrium.com\\\/es\\\/alojamiento\\\/\",\"name\":\"Habitaciones espaciosas y confortables en Lourdes | H\u00f4tel Atrium\",\"isPartOf\":{\"@id\":\"https:\\\/\\\/www.hotel-lourdes-atrium.com\\\/es\\\/#website\"},\"datePublished\":\"2023-02-16T16:05:39+00:00\",\"dateModified\":\"2026-02-07T11:15:19+00:00\",\"description\":\"Descubra las habitaciones renovadas del H\u00f4tel Atrium en Lourdes: confort moderno, bien equipadas y cerca de la Gruta.\",\"breadcrumb\":{\"@id\":\"https:\\\/\\\/www.hotel-lourdes-atrium.com\\\/es\\\/alojamiento\\\/#breadcrumb\"},\"inLanguage\":\"es\",\"potentialAction\":[{\"@type\":\"ReadAction\",\"target\":[\"https:\\\/\\\/www.hotel-lourdes-atrium.com\\\/es\\\/alojamiento\\\/\"]}]},{\"@type\":\"BreadcrumbList\",\"@id\":\"https:\\\/\\\/www.hotel-lourdes-atrium.com\\\/es\\\/alojamiento\\\/#breadcrumb\",\"itemListElement\":[{\"@type\":\"ListItem\",\"position\":1,\"name\":\"Home\",\"item\":\"https:\\\/\\\/www.hotel-lourdes-atrium.com\\\/es\\\/\"},{\"@type\":\"ListItem\",\"position\":2,\"name\":\"Alojamiento\"}]},{\"@type\":\"WebSite\",\"@id\":\"https:\\\/\\\/www.hotel-lourdes-atrium.com\\\/es\\\/#website\",\"url\":\"https:\\\/\\\/www.hotel-lourdes-atrium.com\\\/es\\\/\",\"name\":\"H\u00f4tel Atrium Lourdes\",\"description\":\"\",\"potentialAction\":[{\"@type\":\"SearchAction\",\"target\":{\"@type\":\"EntryPoint\",\"urlTemplate\":\"https:\\\/\\\/www.hotel-lourdes-atrium.com\\\/es\\\/?s={search_term_string}\"},\"query-input\":{\"@type\":\"PropertyValueSpecification\",\"valueRequired\":true,\"valueName\":\"search_term_string\"}}],\"inLanguage\":\"es\"}]}<\/script>\n<!-- \/ Yoast SEO plugin. -->","yoast_head_json":{"title":"Habitaciones espaciosas y confortables en Lourdes | H\u00f4tel Atrium","description":"Descubra las habitaciones renovadas del H\u00f4tel Atrium en Lourdes: confort moderno, bien equipadas y cerca de la Gruta.","robots":{"index":"index","follow":"follow","max-snippet":"max-snippet:-1","max-image-preview":"max-image-preview:large","max-video-preview":"max-video-preview:-1"},"canonical":"https:\/\/www.hotel-lourdes-atrium.com\/es\/alojamiento\/","og_locale":"es_ES","og_type":"article","og_title":"Habitaciones espaciosas y confortables en Lourdes | H\u00f4tel Atrium","og_description":"Descubra las habitaciones renovadas del H\u00f4tel Atrium en Lourdes: confort moderno, bien equipadas y cerca de la Gruta.","og_url":"https:\/\/www.hotel-lourdes-atrium.com\/es\/alojamiento\/","og_site_name":"H\u00f4tel Atrium Lourdes","article_modified_time":"2026-02-07T11:15:19+00:00","twitter_card":"summary_large_image","twitter_misc":{"Tiempo de lectura":"1 minuto"},"schema":{"@context":"https:\/\/schema.org","@graph":[{"@type":"WebPage","@id":"https:\/\/www.hotel-lourdes-atrium.com\/es\/alojamiento\/","url":"https:\/\/www.hotel-lourdes-atrium.com\/es\/alojamiento\/","name":"Habitaciones espaciosas y confortables en Lourdes | H\u00f4tel Atrium","isPartOf":{"@id":"https:\/\/www.hotel-lourdes-atrium.com\/es\/#website"},"datePublished":"2023-02-16T16:05:39+00:00","dateModified":"2026-02-07T11:15:19+00:00","description":"Descubra las habitaciones renovadas del H\u00f4tel Atrium en Lourdes: confort moderno, bien equipadas y cerca de la Gruta.","breadcrumb":{"@id":"https:\/\/www.hotel-lourdes-atrium.com\/es\/alojamiento\/#breadcrumb"},"inLanguage":"es","potentialAction":[{"@type":"ReadAction","target":["https:\/\/www.hotel-lourdes-atrium.com\/es\/alojamiento\/"]}]},{"@type":"BreadcrumbList","@id":"https:\/\/www.hotel-lourdes-atrium.com\/es\/alojamiento\/#breadcrumb","itemListElement":[{"@type":"ListItem","position":1,"name":"Home","item":"https:\/\/www.hotel-lourdes-atrium.com\/es\/"},{"@type":"ListItem","position":2,"name":"Alojamiento"}]},{"@type":"WebSite","@id":"https:\/\/www.hotel-lourdes-atrium.com\/es\/#website","url":"https:\/\/www.hotel-lourdes-atrium.com\/es\/","name":"H\u00f4tel Atrium Lourdes","description":"","potentialAction":[{"@type":"SearchAction","target":{"@type":"EntryPoint","urlTemplate":"https:\/\/www.hotel-lourdes-atrium.com\/es\/?s={search_term_string}"},"query-input":{"@type":"PropertyValueSpecification","valueRequired":true,"valueName":"search_term_string"}}],"inLanguage":"es"}]}},"jetpack_sharing_enabled":true,"_links":{"self":[{"href":"https:\/\/www.hotel-lourdes-atrium.com\/es\/wp-json\/wp\/v2\/pages\/6228","targetHints":{"allow":["GET"]}}],"collection":[{"href":"https:\/\/www.hotel-lourdes-atrium.com\/es\/wp-json\/wp\/v2\/pages"}],"about":[{"href":"https:\/\/www.hotel-lourdes-atrium.com\/es\/wp-json\/wp\/v2\/types\/page"}],"author":[{"embeddable":true,"href":"https:\/\/www.hotel-lourdes-atrium.com\/es\/wp-json\/wp\/v2\/users\/2"}],"replies":[{"embeddable":true,"href":"https:\/\/www.hotel-lourdes-atrium.com\/es\/wp-json\/wp\/v2\/comments?post=6228"}],"version-history":[{"count":2,"href":"https:\/\/www.hotel-lourdes-atrium.com\/es\/wp-json\/wp\/v2\/pages\/6228\/revisions"}],"predecessor-version":[{"id":6232,"href":"https:\/\/www.hotel-lourdes-atrium.com\/es\/wp-json\/wp\/v2\/pages\/6228\/revisions\/6232"}],"wp:attachment":[{"href":"https:\/\/www.hotel-lourdes-atrium.com\/es\/wp-json\/wp\/v2\/media?parent=6228"}],"curies":[{"name":"wp","href":"https:\/\/api.w.org\/{rel}","templated":true}]}}