{"id":6215,"date":"2023-02-16T17:05:20","date_gmt":"2023-02-16T16:05:20","guid":{"rendered":"https:\/\/www.hotel-lourdes-atrium.com\/?page_id=6215"},"modified":"2026-03-26T14:16:55","modified_gmt":"2026-03-26T13:16:55","slug":"servicios","status":"publish","type":"page","link":"https:\/\/www.hotel-lourdes-atrium.com\/es\/servicios\/","title":{"rendered":"Servicios"},"content":{"rendered":"\n<div class=\"wp-block-group alignfull larger-grid more-spacing has-cream-background-color has-background\"><div class=\"wp-block-group__inner-container is-layout-constrained wp-block-group-is-layout-constrained\">\n<h2 class=\"wp-block-heading\">Servicios de hotel<\/h2>\n\n\n\n<div class=\"wp-block-columns is-layout-flex wp-container-core-columns-is-layout-9d6595d7 wp-block-columns-is-layout-flex\">\n<div class=\"wp-block-column is-layout-flow wp-block-column-is-layout-flow\">\n<p>Ya sea que se alojen por motivos religiosos o para explorar la regi\u00f3n, el Hotel Atrium ofrece un entorno tranquilo y confortable para descansar y reponer fuerzas tras un d\u00eda ajetreado. Nuestra gama de servicios cumplir\u00e1 con sus expectativas y har\u00e1 que su estancia sea lo m\u00e1s placentera posible.<\/p>\n<\/div>\n\n\n\n<div class=\"wp-block-column is-layout-flow wp-block-column-is-layout-flow\">\n<p>Con sus habitaciones c\u00f3modas y modernas y su personal acogedor y profesional, el Hotel Atrium es el lugar ideal para alojarse durante su visita a Lourdes, en un ambiente de confort y serenidad.<\/p>\n<\/div>\n<\/div>\n\n\n\n<div class=\"wp-block-columns icons-line is-layout-flex wp-container-core-columns-is-layout-9d6595d7 wp-block-columns-is-layout-flex\">\n<div class=\"wp-block-column is-layout-flow wp-block-column-is-layout-flow\"><i class=\"sqk-icon-wifi \"><\/i>\n\n\n\n<h3 class=\"wp-block-heading\">Acceso WiFi<\/h3>\n\n\n\n<p>Gratuit ! Une connexion Wi-Fi est disponible dans tout l&#8217;h\u00f4tel gratuitement.<\/p>\n<\/div>\n\n\n\n<div class=\"wp-block-column is-layout-flow wp-block-column-is-layout-flow\"><i class=\"sqk-icon-parking-alt \"><\/i>\n\n\n\n<h3 class=\"wp-block-heading\">Aparcamiento<\/h3>\n\n\n\n<p>Hay aparcamiento privado disponible en el establecimiento por un coste de 10 \u20ac por d\u00eda.<\/p>\n<\/div>\n\n\n\n<div class=\"wp-block-column is-layout-flow wp-block-column-is-layout-flow\"><i class=\"sqk-icon-safe-deposit-box-alt \"><\/i>\n\n\n\n<h3 class=\"wp-block-heading\">Seguro<\/h3>\n\n\n\n<p>Hay una caja fuerte disponible en recepci\u00f3n.<\/p>\n<\/div>\n\n\n\n<div class=\"wp-block-column is-layout-flow wp-block-column-is-layout-flow\"><i class=\"sqk-icon-hanger-flat \"><\/i>\n\n\n\n<h3 class=\"wp-block-heading\">Lavadero<\/h3>\n\n\n\n<p>Hay servicio de lavander\u00eda disponible en recepci\u00f3n.<\/p>\n<\/div>\n\n\n\n<div class=\"wp-block-column is-layout-flow wp-block-column-is-layout-flow\"><i class=\"sqk-icon-dog \"><\/i>\n\n\n\n<h3 class=\"wp-block-heading\">Se admiten mascotas<\/h3>\n\n\n\n<p>Se admiten mascotas sin cargo, por favor inf\u00f3rmenos al hacer la reserva.<\/p>\n<\/div>\n\n\n\n<div class=\"wp-block-column is-layout-flow wp-block-column-is-layout-flow\"><i class=\"sqk-icon-no-smoke \"><\/i>\n\n\n\n<h3 class=\"wp-block-heading\">No fumador<\/h3>\n\n\n\n<p>Todas nuestras habitaciones son para no fumadores.<\/p>\n<\/div>\n<\/div>\n<\/div><\/div>\n\n\n\n<div class=\"wp-block-group alignfull wrapper-hotel-service\"><div class=\"wp-block-group__inner-container is-layout-constrained wp-block-group-is-layout-constrained\">\n<div class=\"wp-block-columns are-vertically-aligned-center is-layout-flex wp-container-core-columns-is-layout-9d6595d7 wp-block-columns-is-layout-flex\">\n<div class=\"wp-block-column is-vertically-aligned-center wp-block-column__media is-layout-flow wp-block-column-is-layout-flow\" style=\"flex-basis:40%\">\n<figure class=\"wp-block-image size-full\"><img data-recalc-dims=\"1\" loading=\"lazy\" decoding=\"async\" width=\"1024\" height=\"768\" src=\"https:\/\/i0.wp.com\/www.hotel-lourdes-atrium.com\/wp-content\/uploads\/8801401-1.jpg?resize=1024%2C768&#038;ssl=1\" alt=\"\" class=\"wp-image-633\" srcset=\"https:\/\/i0.wp.com\/www.hotel-lourdes-atrium.com\/wp-content\/uploads\/8801401-1.jpg?w=1024&amp;ssl=1 1024w, https:\/\/i0.wp.com\/www.hotel-lourdes-atrium.com\/wp-content\/uploads\/8801401-1.jpg?resize=300%2C225&amp;ssl=1 300w, https:\/\/i0.wp.com\/www.hotel-lourdes-atrium.com\/wp-content\/uploads\/8801401-1.jpg?resize=768%2C576&amp;ssl=1 768w\" sizes=\"auto, (max-width: 1024px) 100vw, 1024px\" \/><\/figure>\n<\/div>\n\n\n\n<div class=\"wp-block-column is-vertically-aligned-center is-layout-flow wp-block-column-is-layout-flow\" style=\"flex-basis:66.66%\">\n<h2 class=\"wp-block-heading\">Desayuno<\/h2>\n\n\n\n<p>El desayuno se sirve en un buffet libre. Nos comprometemos a brindarle un desayuno abundante para que empiece el d\u00eda con buen pie.<\/p>\n\n\n\n<p>Puede elegir entre una variedad de panes y pasteles, acompa\u00f1ados de mermeladas, miel y mantequilla. Tambi\u00e9n ofrecemos una selecci\u00f3n de quesos, embutidos y huevos duros (o tortillas, si lo desea). Fruta fresca, yogures y cereales completan el men\u00fa para un desayuno completo y equilibrado. Tambi\u00e9n disponemos de bebidas calientes (caf\u00e9, chocolate caliente, t\u00e9) y zumos de frutas (naranja, manzana).<\/p>\n\n\n\n<ul class=\"wp-block-list equipments\">\n<li>7:00 a 10:00<\/li>\n<\/ul>\n<\/div>\n<\/div>\n\n\n\n<div class=\"wp-block-columns are-vertically-aligned-center is-layout-flex wp-container-core-columns-is-layout-9d6595d7 wp-block-columns-is-layout-flex\">\n<div class=\"wp-block-column is-vertically-aligned-center wp-block-column__media is-layout-flow wp-block-column-is-layout-flow\" style=\"flex-basis:40%\">\n<figure class=\"wp-block-image size-large\"><img data-recalc-dims=\"1\" loading=\"lazy\" decoding=\"async\" width=\"1024\" height=\"576\" src=\"https:\/\/i0.wp.com\/www.hotel-lourdes-atrium.com\/wp-content\/uploads\/\/0043_DSC_4264-Photo-Studio-Derozier-Copie.jpg?resize=1024%2C576&#038;ssl=1\" alt=\"\" class=\"wp-image-210\" srcset=\"https:\/\/i0.wp.com\/www.hotel-lourdes-atrium.com\/wp-content\/uploads\/0043_DSC_4264-Photo-Studio-Derozier-Copie-scaled.jpg?resize=1024%2C576&amp;ssl=1 1024w, https:\/\/i0.wp.com\/www.hotel-lourdes-atrium.com\/wp-content\/uploads\/0043_DSC_4264-Photo-Studio-Derozier-Copie-scaled.jpg?resize=300%2C169&amp;ssl=1 300w, https:\/\/i0.wp.com\/www.hotel-lourdes-atrium.com\/wp-content\/uploads\/0043_DSC_4264-Photo-Studio-Derozier-Copie-scaled.jpg?resize=768%2C432&amp;ssl=1 768w, https:\/\/i0.wp.com\/www.hotel-lourdes-atrium.com\/wp-content\/uploads\/0043_DSC_4264-Photo-Studio-Derozier-Copie-scaled.jpg?resize=1536%2C864&amp;ssl=1 1536w, https:\/\/i0.wp.com\/www.hotel-lourdes-atrium.com\/wp-content\/uploads\/0043_DSC_4264-Photo-Studio-Derozier-Copie-scaled.jpg?resize=2048%2C1152&amp;ssl=1 2048w, https:\/\/i0.wp.com\/www.hotel-lourdes-atrium.com\/wp-content\/uploads\/0043_DSC_4264-Photo-Studio-Derozier-Copie-scaled.jpg?w=2560&amp;ssl=1 2560w\" sizes=\"auto, (max-width: 1024px) 100vw, 1024px\" \/><\/figure>\n<\/div>\n\n\n\n<div class=\"wp-block-column is-vertically-aligned-center is-layout-flow wp-block-column-is-layout-flow\" style=\"flex-basis:66.66%\">\n<h2 class=\"wp-block-heading\">Restaurante<\/h2>\n\n\n\n<p>El restaurante del Hotel Atrium de Lourdes est\u00e1 actualmente cerrado al p\u00fablico. Se est\u00e1 implementando una opci\u00f3n de comedor de respaldo.<\/p>\n\n\n\n<p>La recepci\u00f3n podr\u00e1 indicar varios restaurantes en las inmediaciones.<\/p>\n\n\n\n<p>En recepci\u00f3n tambi\u00e9n pueden pedir comida a domicilio de algunos restaurantes para que pueda comer directamente en el hotel. Tambi\u00e9n puede traer comida para llevar; se le proporcionar\u00e1 una mesa y cubiertos.<\/p>\n\n\n\n<p>Para grupos, ocasionalmente trabajamos con un servicio de catering. Cont\u00e1ctanos.<\/p>\n<\/div>\n<\/div>\n\n\n\n<div class=\"wp-block-columns are-vertically-aligned-center is-layout-flex wp-container-core-columns-is-layout-9d6595d7 wp-block-columns-is-layout-flex\">\n<div class=\"wp-block-column is-vertically-aligned-center wp-block-column__media is-layout-flow wp-block-column-is-layout-flow\" style=\"flex-basis:40%\">\n<figure class=\"wp-block-image size-large\"><img data-recalc-dims=\"1\" loading=\"lazy\" decoding=\"async\" width=\"1024\" height=\"576\" src=\"https:\/\/i0.wp.com\/www.hotel-lourdes-atrium.com\/wp-content\/uploads\/\/0040_DSC_4251-Photo-Studio-Derozier-Copie.jpg?resize=1024%2C576&#038;ssl=1\" alt=\"\" class=\"wp-image-204\" srcset=\"https:\/\/i0.wp.com\/www.hotel-lourdes-atrium.com\/wp-content\/uploads\/0040_DSC_4251-Photo-Studio-Derozier-Copie-scaled.jpg?resize=1024%2C576&amp;ssl=1 1024w, https:\/\/i0.wp.com\/www.hotel-lourdes-atrium.com\/wp-content\/uploads\/0040_DSC_4251-Photo-Studio-Derozier-Copie-scaled.jpg?resize=300%2C169&amp;ssl=1 300w, https:\/\/i0.wp.com\/www.hotel-lourdes-atrium.com\/wp-content\/uploads\/0040_DSC_4251-Photo-Studio-Derozier-Copie-scaled.jpg?resize=768%2C432&amp;ssl=1 768w, https:\/\/i0.wp.com\/www.hotel-lourdes-atrium.com\/wp-content\/uploads\/0040_DSC_4251-Photo-Studio-Derozier-Copie-scaled.jpg?resize=1536%2C864&amp;ssl=1 1536w, https:\/\/i0.wp.com\/www.hotel-lourdes-atrium.com\/wp-content\/uploads\/0040_DSC_4251-Photo-Studio-Derozier-Copie-scaled.jpg?resize=2048%2C1152&amp;ssl=1 2048w, https:\/\/i0.wp.com\/www.hotel-lourdes-atrium.com\/wp-content\/uploads\/0040_DSC_4251-Photo-Studio-Derozier-Copie-scaled.jpg?w=2560&amp;ssl=1 2560w\" sizes=\"auto, (max-width: 1024px) 100vw, 1024px\" \/><\/figure>\n<\/div>\n\n\n\n<div class=\"wp-block-column is-vertically-aligned-center is-layout-flow wp-block-column-is-layout-flow\" style=\"flex-basis:66.66%\">\n<h2 class=\"wp-block-heading\">Bar<\/h2>\n\n\n\n<p>Del\u00e9itese con una bebida fr\u00eda o una buena copa de vino mientras est\u00e1 c\u00f3modamente sentado en un sof\u00e1 de cuero cerca del bar sal\u00f3n.<\/p>\n\n\n\n<p>El abuso de alcohol es peligroso para la salud, disfr\u00fatelo y cons\u00famelo con moderaci\u00f3n.<\/p>\n\n\n\n<ul class=\"wp-block-list equipments\">\n<li>18:30 a 23:00<\/li>\n<\/ul>\n<\/div>\n<\/div>\n\n\n\n<div class=\"wp-block-columns are-vertically-aligned-center is-layout-flex wp-container-core-columns-is-layout-9d6595d7 wp-block-columns-is-layout-flex\">\n<div class=\"wp-block-column is-vertically-aligned-center wp-block-column__media is-layout-flow wp-block-column-is-layout-flow\" style=\"flex-basis:40%\">\n<figure class=\"wp-block-image size-large\"><img data-recalc-dims=\"1\" loading=\"lazy\" decoding=\"async\" width=\"1024\" height=\"576\" src=\"https:\/\/i0.wp.com\/www.hotel-lourdes-atrium.com\/wp-content\/uploads\/\/Bibliotheque.jpg?resize=1024%2C576&#038;ssl=1\" alt=\"\" class=\"wp-image-224\" srcset=\"https:\/\/i0.wp.com\/www.hotel-lourdes-atrium.com\/wp-content\/uploads\/Bibliotheque-scaled.jpg?resize=1024%2C576&amp;ssl=1 1024w, https:\/\/i0.wp.com\/www.hotel-lourdes-atrium.com\/wp-content\/uploads\/Bibliotheque-scaled.jpg?resize=300%2C169&amp;ssl=1 300w, https:\/\/i0.wp.com\/www.hotel-lourdes-atrium.com\/wp-content\/uploads\/Bibliotheque-scaled.jpg?resize=768%2C432&amp;ssl=1 768w, https:\/\/i0.wp.com\/www.hotel-lourdes-atrium.com\/wp-content\/uploads\/Bibliotheque-scaled.jpg?resize=1536%2C864&amp;ssl=1 1536w, https:\/\/i0.wp.com\/www.hotel-lourdes-atrium.com\/wp-content\/uploads\/Bibliotheque-scaled.jpg?resize=2048%2C1152&amp;ssl=1 2048w, https:\/\/i0.wp.com\/www.hotel-lourdes-atrium.com\/wp-content\/uploads\/Bibliotheque-scaled.jpg?w=2560&amp;ssl=1 2560w\" sizes=\"auto, (max-width: 1024px) 100vw, 1024px\" \/><\/figure>\n<\/div>\n\n\n\n<div class=\"wp-block-column is-vertically-aligned-center is-layout-flow wp-block-column-is-layout-flow\" style=\"flex-basis:66.66%\">\n<h2 class=\"wp-block-heading\">Sal\u00f3n de la biblioteca<\/h2>\n\n\n\n<p>Revise su correo electr\u00f3nico, mant\u00e9ngase en contacto con sus seres queridos, prep\u00e1rese para la siguiente parte de su viaje, lea un buen libro o simplemente rel\u00e1jese frente al televisor: todo esto es posible en el sal\u00f3n biblioteca del hotel.<\/p>\n\n\n\n<p>La biblioteca del Hotel Atrium de Lourdes es un espacio acogedor y tranquilo, ideal para los amantes de la lectura o quienes buscan un momento de relajaci\u00f3n. C\u00f3modos sillones y un ambiente c\u00e1lido invitan a sumergirse en un buen libro o simplemente a disfrutar de un momento de calma.<\/p>\n<\/div>\n<\/div>\n\n\n\n<div class=\"wp-block-columns are-vertically-aligned-center is-layout-flex wp-container-core-columns-is-layout-9d6595d7 wp-block-columns-is-layout-flex\">\n<div class=\"wp-block-column is-vertically-aligned-center wp-block-column__media is-layout-flow wp-block-column-is-layout-flow\" style=\"flex-basis:40%\">\n<figure class=\"wp-block-image size-large\"><img data-recalc-dims=\"1\" loading=\"lazy\" decoding=\"async\" width=\"1024\" height=\"576\" src=\"https:\/\/i0.wp.com\/www.hotel-lourdes-atrium.com\/wp-content\/uploads\/\/Garage-Atrium-06.jpg?resize=1024%2C576&#038;ssl=1\" alt=\"\" class=\"wp-image-7256\" srcset=\"https:\/\/i0.wp.com\/www.hotel-lourdes-atrium.com\/wp-content\/uploads\/Garage-Atrium-06.jpg?resize=1024%2C576&amp;ssl=1 1024w, https:\/\/i0.wp.com\/www.hotel-lourdes-atrium.com\/wp-content\/uploads\/Garage-Atrium-06.jpg?resize=300%2C169&amp;ssl=1 300w, https:\/\/i0.wp.com\/www.hotel-lourdes-atrium.com\/wp-content\/uploads\/Garage-Atrium-06.jpg?resize=768%2C432&amp;ssl=1 768w, https:\/\/i0.wp.com\/www.hotel-lourdes-atrium.com\/wp-content\/uploads\/Garage-Atrium-06.jpg?resize=1536%2C864&amp;ssl=1 1536w, https:\/\/i0.wp.com\/www.hotel-lourdes-atrium.com\/wp-content\/uploads\/Garage-Atrium-06.jpg?w=1600&amp;ssl=1 1600w\" sizes=\"auto, (max-width: 1024px) 100vw, 1024px\" \/><\/figure>\n<\/div>\n\n\n\n<div class=\"wp-block-column is-vertically-aligned-center is-layout-flow wp-block-column-is-layout-flow\" style=\"flex-basis:66.66%\">\n<h2 class=\"wp-block-heading\">Aparcamiento<\/h2>\n\n\n\n<p>Un aparcamiento privado, cubierto y seguro est\u00e1 disponible en el establecimiento, accesible \u00fanicamente con reserva previa, al precio de 10 \u20ac por d\u00eda. Cerrado y bajo videovigilancia, admite tanto coches como motos en condiciones \u00f3ptimas de seguridad.<\/p>\n\n\n\n<p><a href=\"https:\/\/www.hotel-lourdes-atrium.com\/es\/servicios\/aparcamiento\/\" type=\"page\" id=\"7533\">M\u00e1s informaci\u00f3n sobre el aparcamiento \u2192<\/a><\/p>\n<\/div>\n<\/div>\n\n\n\n<div class=\"wp-block-columns are-vertically-aligned-center is-layout-flex wp-container-core-columns-is-layout-9d6595d7 wp-block-columns-is-layout-flex\">\n<div class=\"wp-block-column is-vertically-aligned-center wp-block-column__media is-layout-flow wp-block-column-is-layout-flow\" style=\"flex-basis:40%\">\n<figure class=\"wp-block-gallery has-nested-images columns-default is-cropped wp-block-gallery-1 is-layout-flex wp-block-gallery-is-layout-flex\">\n<figure class=\"wp-block-image size-large\"><img data-recalc-dims=\"1\" loading=\"lazy\" decoding=\"async\" width=\"1024\" height=\"683\" data-id=\"7452\" src=\"https:\/\/i0.wp.com\/www.hotel-lourdes-atrium.com\/wp-content\/uploads\/\/sejour-moto-lourdes.jpg?resize=1024%2C683&#038;ssl=1\" alt=\"\" class=\"wp-image-7452\" srcset=\"https:\/\/i0.wp.com\/www.hotel-lourdes-atrium.com\/wp-content\/uploads\/sejour-moto-lourdes.jpg?resize=1024%2C683&amp;ssl=1 1024w, https:\/\/i0.wp.com\/www.hotel-lourdes-atrium.com\/wp-content\/uploads\/sejour-moto-lourdes.jpg?resize=300%2C200&amp;ssl=1 300w, https:\/\/i0.wp.com\/www.hotel-lourdes-atrium.com\/wp-content\/uploads\/sejour-moto-lourdes.jpg?resize=768%2C512&amp;ssl=1 768w, https:\/\/i0.wp.com\/www.hotel-lourdes-atrium.com\/wp-content\/uploads\/sejour-moto-lourdes.jpg?resize=1536%2C1024&amp;ssl=1 1536w, https:\/\/i0.wp.com\/www.hotel-lourdes-atrium.com\/wp-content\/uploads\/sejour-moto-lourdes.jpg?w=1920&amp;ssl=1 1920w\" sizes=\"auto, (max-width: 1024px) 100vw, 1024px\" \/><\/figure>\n<\/figure>\n<\/div>\n\n\n\n<div class=\"wp-block-column is-vertically-aligned-center is-layout-flow wp-block-column-is-layout-flow\" style=\"flex-basis:66.66%\">\n<h2 class=\"wp-block-heading\"><br><br>Siempre bienvenidos, motociclistas<\/h2>\n\n\n\n<p>El Hotel Atrium da una c\u00e1lida bienvenida a los motoristas. Contamos con un espacio de mantenimiento equipado para las revisiones habituales antes de continuar el viaje. Lourdes tambi\u00e9n es una de las paradas principales de la famosa peregrinaci\u00f3n motera, que se celebra cada tercer fin de semana de junio.<\/p>\n\n\n\n<p><a href=\"https:\/\/www.hotel-lourdes-atrium.com\/es\/servicios\/motoristas\/\" type=\"page\" id=\"7518\">Descubra nuestros servicios para motoristas \u2192<\/a><\/p>\n<\/div>\n<\/div>\n<\/div><\/div>\n","protected":false},"excerpt":{"rendered":"<p>Servicios de hotel Ya sea que se alojen por motivos religiosos o para explorar la regi\u00f3n, el Hotel Atrium ofrece un entorno tranquilo y confortable para descansar y reponer fuerzas tras un d\u00eda ajetreado. Nuestra gama de servicios cumplir\u00e1 con sus expectativas y har\u00e1 que su estancia sea lo m\u00e1s placentera posible. Con sus habitaciones [&hellip;]<\/p>\n","protected":false},"author":2,"featured_media":0,"parent":0,"menu_order":0,"comment_status":"closed","ping_status":"closed","template":"","meta":{"footnotes":""},"class_list":["post-6215","page","type-page","status-publish","hentry"],"yoast_head":"<!-- This site is optimized with the Yoast SEO plugin v27.5 - https:\/\/yoast.com\/product\/yoast-seo-wordpress\/ -->\n<title>H\u00f4tel Atrium Lourdes \u2013 Servicios y comodidades para hu\u00e9spedes<\/title>\n<meta name=\"description\" content=\"Simplifique su estancia en Lourdes con parking, wifi gratuito, desayuno, bar y zonas de descanso en el H\u00f4tel Atrium.\" \/>\n<meta name=\"robots\" content=\"index, follow, max-snippet:-1, max-image-preview:large, max-video-preview:-1\" \/>\n<link rel=\"canonical\" href=\"https:\/\/www.hotel-lourdes-atrium.com\/es\/servicios\/\" \/>\n<meta property=\"og:locale\" content=\"es_ES\" \/>\n<meta property=\"og:type\" content=\"article\" \/>\n<meta property=\"og:title\" content=\"H\u00f4tel Atrium Lourdes \u2013 Servicios y comodidades para hu\u00e9spedes\" \/>\n<meta property=\"og:description\" content=\"Simplifique su estancia en Lourdes con parking, wifi gratuito, desayuno, bar y zonas de descanso en el H\u00f4tel Atrium.\" \/>\n<meta property=\"og:url\" content=\"https:\/\/www.hotel-lourdes-atrium.com\/es\/servicios\/\" \/>\n<meta property=\"og:site_name\" content=\"H\u00f4tel Atrium Lourdes\" \/>\n<meta property=\"article:modified_time\" content=\"2026-03-26T13:16:55+00:00\" \/>\n<meta property=\"og:image\" content=\"https:\/\/www.hotel-lourdes-atrium.com\/wp-content\/uploads\/8801401-1.jpg\" \/>\n<meta name=\"twitter:card\" content=\"summary_large_image\" \/>\n<meta name=\"twitter:label1\" content=\"Tiempo de lectura\" \/>\n\t<meta name=\"twitter:data1\" content=\"5 minutos\" \/>\n<script type=\"application\/ld+json\" class=\"yoast-schema-graph\">{\"@context\":\"https:\\\/\\\/schema.org\",\"@graph\":[{\"@type\":\"WebPage\",\"@id\":\"https:\\\/\\\/www.hotel-lourdes-atrium.com\\\/es\\\/servicios\\\/\",\"url\":\"https:\\\/\\\/www.hotel-lourdes-atrium.com\\\/es\\\/servicios\\\/\",\"name\":\"H\u00f4tel Atrium Lourdes \u2013 Servicios y comodidades para hu\u00e9spedes\",\"isPartOf\":{\"@id\":\"https:\\\/\\\/www.hotel-lourdes-atrium.com\\\/es\\\/#website\"},\"primaryImageOfPage\":{\"@id\":\"https:\\\/\\\/www.hotel-lourdes-atrium.com\\\/es\\\/servicios\\\/#primaryimage\"},\"image\":{\"@id\":\"https:\\\/\\\/www.hotel-lourdes-atrium.com\\\/es\\\/servicios\\\/#primaryimage\"},\"thumbnailUrl\":\"https:\\\/\\\/www.hotel-lourdes-atrium.com\\\/wp-content\\\/uploads\\\/8801401-1.jpg\",\"datePublished\":\"2023-02-16T16:05:20+00:00\",\"dateModified\":\"2026-03-26T13:16:55+00:00\",\"description\":\"Simplifique su estancia en Lourdes con parking, wifi gratuito, desayuno, bar y zonas de descanso en el H\u00f4tel Atrium.\",\"breadcrumb\":{\"@id\":\"https:\\\/\\\/www.hotel-lourdes-atrium.com\\\/es\\\/servicios\\\/#breadcrumb\"},\"inLanguage\":\"es\",\"potentialAction\":[{\"@type\":\"ReadAction\",\"target\":[\"https:\\\/\\\/www.hotel-lourdes-atrium.com\\\/es\\\/servicios\\\/\"]}]},{\"@type\":\"ImageObject\",\"inLanguage\":\"es\",\"@id\":\"https:\\\/\\\/www.hotel-lourdes-atrium.com\\\/es\\\/servicios\\\/#primaryimage\",\"url\":\"https:\\\/\\\/www.hotel-lourdes-atrium.com\\\/wp-content\\\/uploads\\\/8801401-1.jpg\",\"contentUrl\":\"https:\\\/\\\/www.hotel-lourdes-atrium.com\\\/wp-content\\\/uploads\\\/8801401-1.jpg\"},{\"@type\":\"BreadcrumbList\",\"@id\":\"https:\\\/\\\/www.hotel-lourdes-atrium.com\\\/es\\\/servicios\\\/#breadcrumb\",\"itemListElement\":[{\"@type\":\"ListItem\",\"position\":1,\"name\":\"Home\",\"item\":\"https:\\\/\\\/www.hotel-lourdes-atrium.com\\\/es\\\/\"},{\"@type\":\"ListItem\",\"position\":2,\"name\":\"Servicios\"}]},{\"@type\":\"WebSite\",\"@id\":\"https:\\\/\\\/www.hotel-lourdes-atrium.com\\\/es\\\/#website\",\"url\":\"https:\\\/\\\/www.hotel-lourdes-atrium.com\\\/es\\\/\",\"name\":\"H\u00f4tel Atrium Lourdes\",\"description\":\"\",\"potentialAction\":[{\"@type\":\"SearchAction\",\"target\":{\"@type\":\"EntryPoint\",\"urlTemplate\":\"https:\\\/\\\/www.hotel-lourdes-atrium.com\\\/es\\\/?s={search_term_string}\"},\"query-input\":{\"@type\":\"PropertyValueSpecification\",\"valueRequired\":true,\"valueName\":\"search_term_string\"}}],\"inLanguage\":\"es\"}]}<\/script>\n<!-- \/ Yoast SEO plugin. -->","yoast_head_json":{"title":"H\u00f4tel Atrium Lourdes \u2013 Servicios y comodidades para hu\u00e9spedes","description":"Simplifique su estancia en Lourdes con parking, wifi gratuito, desayuno, bar y zonas de descanso en el H\u00f4tel Atrium.","robots":{"index":"index","follow":"follow","max-snippet":"max-snippet:-1","max-image-preview":"max-image-preview:large","max-video-preview":"max-video-preview:-1"},"canonical":"https:\/\/www.hotel-lourdes-atrium.com\/es\/servicios\/","og_locale":"es_ES","og_type":"article","og_title":"H\u00f4tel Atrium Lourdes \u2013 Servicios y comodidades para hu\u00e9spedes","og_description":"Simplifique su estancia en Lourdes con parking, wifi gratuito, desayuno, bar y zonas de descanso en el H\u00f4tel Atrium.","og_url":"https:\/\/www.hotel-lourdes-atrium.com\/es\/servicios\/","og_site_name":"H\u00f4tel Atrium Lourdes","article_modified_time":"2026-03-26T13:16:55+00:00","og_image":[{"url":"https:\/\/www.hotel-lourdes-atrium.com\/wp-content\/uploads\/8801401-1.jpg","type":"","width":"","height":""}],"twitter_card":"summary_large_image","twitter_misc":{"Tiempo de lectura":"5 minutos"},"schema":{"@context":"https:\/\/schema.org","@graph":[{"@type":"WebPage","@id":"https:\/\/www.hotel-lourdes-atrium.com\/es\/servicios\/","url":"https:\/\/www.hotel-lourdes-atrium.com\/es\/servicios\/","name":"H\u00f4tel Atrium Lourdes \u2013 Servicios y comodidades para hu\u00e9spedes","isPartOf":{"@id":"https:\/\/www.hotel-lourdes-atrium.com\/es\/#website"},"primaryImageOfPage":{"@id":"https:\/\/www.hotel-lourdes-atrium.com\/es\/servicios\/#primaryimage"},"image":{"@id":"https:\/\/www.hotel-lourdes-atrium.com\/es\/servicios\/#primaryimage"},"thumbnailUrl":"https:\/\/www.hotel-lourdes-atrium.com\/wp-content\/uploads\/8801401-1.jpg","datePublished":"2023-02-16T16:05:20+00:00","dateModified":"2026-03-26T13:16:55+00:00","description":"Simplifique su estancia en Lourdes con parking, wifi gratuito, desayuno, bar y zonas de descanso en el H\u00f4tel Atrium.","breadcrumb":{"@id":"https:\/\/www.hotel-lourdes-atrium.com\/es\/servicios\/#breadcrumb"},"inLanguage":"es","potentialAction":[{"@type":"ReadAction","target":["https:\/\/www.hotel-lourdes-atrium.com\/es\/servicios\/"]}]},{"@type":"ImageObject","inLanguage":"es","@id":"https:\/\/www.hotel-lourdes-atrium.com\/es\/servicios\/#primaryimage","url":"https:\/\/www.hotel-lourdes-atrium.com\/wp-content\/uploads\/8801401-1.jpg","contentUrl":"https:\/\/www.hotel-lourdes-atrium.com\/wp-content\/uploads\/8801401-1.jpg"},{"@type":"BreadcrumbList","@id":"https:\/\/www.hotel-lourdes-atrium.com\/es\/servicios\/#breadcrumb","itemListElement":[{"@type":"ListItem","position":1,"name":"Home","item":"https:\/\/www.hotel-lourdes-atrium.com\/es\/"},{"@type":"ListItem","position":2,"name":"Servicios"}]},{"@type":"WebSite","@id":"https:\/\/www.hotel-lourdes-atrium.com\/es\/#website","url":"https:\/\/www.hotel-lourdes-atrium.com\/es\/","name":"H\u00f4tel Atrium Lourdes","description":"","potentialAction":[{"@type":"SearchAction","target":{"@type":"EntryPoint","urlTemplate":"https:\/\/www.hotel-lourdes-atrium.com\/es\/?s={search_term_string}"},"query-input":{"@type":"PropertyValueSpecification","valueRequired":true,"valueName":"search_term_string"}}],"inLanguage":"es"}]}},"jetpack_sharing_enabled":true,"_links":{"self":[{"href":"https:\/\/www.hotel-lourdes-atrium.com\/es\/wp-json\/wp\/v2\/pages\/6215","targetHints":{"allow":["GET"]}}],"collection":[{"href":"https:\/\/www.hotel-lourdes-atrium.com\/es\/wp-json\/wp\/v2\/pages"}],"about":[{"href":"https:\/\/www.hotel-lourdes-atrium.com\/es\/wp-json\/wp\/v2\/types\/page"}],"author":[{"embeddable":true,"href":"https:\/\/www.hotel-lourdes-atrium.com\/es\/wp-json\/wp\/v2\/users\/2"}],"replies":[{"embeddable":true,"href":"https:\/\/www.hotel-lourdes-atrium.com\/es\/wp-json\/wp\/v2\/comments?post=6215"}],"version-history":[{"count":6,"href":"https:\/\/www.hotel-lourdes-atrium.com\/es\/wp-json\/wp\/v2\/pages\/6215\/revisions"}],"predecessor-version":[{"id":7537,"href":"https:\/\/www.hotel-lourdes-atrium.com\/es\/wp-json\/wp\/v2\/pages\/6215\/revisions\/7537"}],"wp:attachment":[{"href":"https:\/\/www.hotel-lourdes-atrium.com\/es\/wp-json\/wp\/v2\/media?parent=6215"}],"curies":[{"name":"wp","href":"https:\/\/api.w.org\/{rel}","templated":true}]}}